{"id":21,"date":"2020-12-08T03:53:12","date_gmt":"2020-12-08T03:53:12","guid":{"rendered":"https:\/\/gaviaspreview.com\/wp\/orgarium\/?page_id=21"},"modified":"2025-10-03T09:25:48","modified_gmt":"2025-10-03T09:25:48","slug":"hakkimizda","status":"publish","type":"page","link":"https:\/\/www.hantuketimurunleri.com\/index.php\/hakkimizda\/","title":{"rendered":"Hakk\u0131m\u0131zda"},"content":{"rendered":"\t\t<div data-elementor-type=\"wp-page\" data-elementor-id=\"21\" class=\"elementor elementor-21\">\n\t\t\t\t\t\t<section class=\"elementor-section elementor-top-section elementor-element elementor-element-a2abf68 elementor-section-boxed elementor-section-height-default elementor-section-height-default shape-bg-top-no\" data-id=\"a2abf68\" data-element_type=\"section\" data-e-type=\"section\" data-settings=\"{&quot;background_background&quot;:&quot;slideshow&quot;,&quot;background_slideshow_gallery&quot;:[{&quot;id&quot;:1203,&quot;url&quot;:&quot;https:\\\/\\\/gaviaspreview.com\\\/wp\\\/orgarium\\\/wp-content\\\/uploads\\\/2021\\\/12\\\/bg-9.jpg&quot;},{&quot;id&quot;:1008,&quot;url&quot;:&quot;https:\\\/\\\/gaviaspreview.com\\\/wp\\\/orgarium\\\/wp-content\\\/uploads\\\/2021\\\/10\\\/breadcrumb.jpg&quot;}],&quot;background_slideshow_ken_burns&quot;:&quot;yes&quot;,&quot;background_slideshow_loop&quot;:&quot;yes&quot;,&quot;background_slideshow_slide_duration&quot;:5000,&quot;background_slideshow_slide_transition&quot;:&quot;fade&quot;,&quot;background_slideshow_transition_duration&quot;:500,&quot;background_slideshow_ken_burns_zoom_direction&quot;:&quot;in&quot;}\">\n\t\t\t\t\t\t<div class=\"elementor-container elementor-column-gap-default\">\n\t\t\t\t\t<div class=\"elementor-column elementor-col-100 elementor-top-column elementor-element elementor-element-7260d10\" data-id=\"7260d10\" data-element_type=\"column\" data-e-type=\"column\">\n\t\t\t<div class=\"elementor-widget-wrap elementor-element-populated\">\n\t\t\t\t\t\t<div class=\"elementor-element elementor-element-3f38b9d elementor-widget elementor-widget-gva-heading-block\" data-id=\"3f38b9d\" data-element_type=\"widget\" data-e-type=\"widget\" data-widget_type=\"gva-heading-block.default\">\n\t\t\t\t<div class=\"elementor-widget-container\">\n\t\t\t\t\t<div class=\"gva-element-gva-heading-block gva-element\">   <div class=\"align-left style-1 widget gsc-heading box-align-left auto-responsive\">\r\n      <div class=\"content-inner\">\r\n         \r\n                  \r\n           \r\n         \r\n                     <h2 class=\"title\">\r\n               <span>Hakk\u0131m\u0131zda<\/span>\r\n            <\/h2>\r\n                              <div class=\"title-desc\">25 y\u0131l\u0131 a\u015fk\u0131n s\u00fcredir do\u011faya ve insana de\u011fer katan \u00fcr\u00fcnler \u00fcretiyoruz.<\/div>\r\n         \r\n         \r\n      <\/div>\r\n   <\/div>\r\n<\/div>\t\t\t\t<\/div>\n\t\t\t\t<\/div>\n\t\t\t\t\t<\/div>\n\t\t<\/div>\n\t\t\t\t\t<\/div>\n\t\t<\/section>\n\t\t\t\t<section class=\"elementor-section elementor-top-section elementor-element elementor-element-0a7f94e shape-bg-top-yes elementor-section-boxed elementor-section-height-default elementor-section-height-default shape-bg-bottom-no\" data-id=\"0a7f94e\" data-element_type=\"section\" data-e-type=\"section\">\n\t\t\t\t\t\t<div class=\"elementor-container elementor-column-gap-default\">\n\t\t\t\t\t<div class=\"elementor-column elementor-col-50 elementor-top-column elementor-element elementor-element-ae6f907\" data-id=\"ae6f907\" data-element_type=\"column\" data-e-type=\"column\">\n\t\t\t<div class=\"elementor-widget-wrap elementor-element-populated\">\n\t\t\t\t\t\t<div class=\"elementor-element elementor-element-82971a4 elementor-widget elementor-widget-gva-heading-block\" data-id=\"82971a4\" data-element_type=\"widget\" data-e-type=\"widget\" data-settings=\"{&quot;_animation&quot;:&quot;none&quot;}\" data-widget_type=\"gva-heading-block.default\">\n\t\t\t\t<div class=\"elementor-widget-container\">\n\t\t\t\t\t<div class=\"gva-element-gva-heading-block gva-element\">   <div class=\"align-left style-1 widget gsc-heading box-align-left auto-responsive\">\r\n      <div class=\"content-inner\">\r\n         \r\n                  \r\n         <div class=\"sub-title\"><span class=\"heading-icon\"><img decoding=\"async\" src=\"http:\/\/www.hantuketimurunleri.com\/wp-content\/uploads\/2021\/08\/cropped-IMG_0527_copy2-removebg-preview-e1758667814401.png\" alt=\"\" \/><\/span><span class=\"tagline\">Biz Kimiz?<\/span><\/div>  \r\n         \r\n                     <h2 class=\"title\">\r\n               <span>Han T\u00fcketim \u00dcr\u00fcnleri<\/span>\r\n            <\/h2>\r\n                              <div class=\"title-desc\">Han T\u00fcketim \u00dcr\u00fcnleri olarak do\u011fal g\u0131da, botanik k\u00f6kenli kozmetik ve yenilik\u00e7i paketleme \u00e7\u00f6z\u00fcmleri alanlar\u0131nda faaliyet g\u00f6stermekteyiz. Kuruldu\u011fumuz g\u00fcnden bu yana benimsedi\u011fimiz de\u011ferleri koruyarak, hem bireylerin ya\u015fam kalitesini art\u0131rmay\u0131 hem de do\u011fal kaynaklar\u0131n korunmas\u0131na katk\u0131da bulunmay\u0131 ama\u00e7l\u0131yoruz.\n\u00dcretim s\u00fcre\u00e7lerimizde sa\u011fl\u0131\u011fa dost, \u00e7evreye duyarl\u0131 ve s\u00fcrd\u00fcr\u00fclebilir \u00e7\u00f6z\u00fcmler sunuyoruz. G\u00fcvenilirli\u011fimiz ve yenilik\u00e7i yakla\u015f\u0131m\u0131m\u0131z sayesinde bir\u00e7ok marka ve birey taraf\u0131ndan tercih edilerek sekt\u00f6rde g\u00fc\u00e7l\u00fc bir konum elde ettik.\nBug\u00fcn Han T\u00fcketim \u00dcr\u00fcnleri; kalite, g\u00fcven ve s\u00fcrd\u00fcr\u00fclebilirlik ilkeleriyle yoluna devam eden, gelece\u011fi \u015fekillendirmeyi hedefleyen bir marka olarak b\u00fcy\u00fcmeye devam ediyor.<\/div>\r\n         \r\n         \r\n      <\/div>\r\n   <\/div>\r\n<\/div>\t\t\t\t<\/div>\n\t\t\t\t<\/div>\n\t\t\t\t\t<\/div>\n\t\t<\/div>\n\t\t\t\t<div class=\"elementor-column elementor-col-50 elementor-top-column elementor-element elementor-element-bda471b\" data-id=\"bda471b\" data-element_type=\"column\" data-e-type=\"column\">\n\t\t\t<div class=\"elementor-widget-wrap elementor-element-populated\">\n\t\t\t\t\t\t<section class=\"elementor-section elementor-inner-section elementor-element elementor-element-2e72efe elementor-section-boxed elementor-section-height-default elementor-section-height-default shape-bg-top-no shape-bg-bottom-no\" data-id=\"2e72efe\" data-element_type=\"section\" data-e-type=\"section\">\n\t\t\t\t\t\t<div class=\"elementor-container elementor-column-gap-default\">\n\t\t\t\t\t<div class=\"elementor-column elementor-col-50 elementor-inner-column elementor-element elementor-element-d4a79f3\" data-id=\"d4a79f3\" data-element_type=\"column\" data-e-type=\"column\">\n\t\t\t<div class=\"elementor-widget-wrap elementor-element-populated\">\n\t\t\t\t\t\t<div class=\"elementor-element elementor-element-c5eeba7 elementor-widget elementor-widget-image\" data-id=\"c5eeba7\" data-element_type=\"widget\" data-e-type=\"widget\" data-widget_type=\"image.default\">\n\t\t\t\t<div class=\"elementor-widget-container\">\n\t\t\t\t\t\t\t\t\t\t\t\t\t\t\t<img loading=\"lazy\" decoding=\"async\" width=\"832\" height=\"1248\" src=\"https:\/\/www.hantuketimurunleri.com\/wp-content\/uploads\/2025\/10\/832x1248-2.jpg\" class=\"attachment-full size-full wp-image-1955\" alt=\"\" srcset=\"https:\/\/www.hantuketimurunleri.com\/wp-content\/uploads\/2025\/10\/832x1248-2.jpg 832w, https:\/\/www.hantuketimurunleri.com\/wp-content\/uploads\/2025\/10\/832x1248-2-683x1024.jpg 683w, https:\/\/www.hantuketimurunleri.com\/wp-content\/uploads\/2025\/10\/832x1248-2-768x1152.jpg 768w\" sizes=\"auto, (max-width: 832px) 100vw, 832px\" \/>\t\t\t\t\t\t\t\t\t\t\t\t\t\t\t<\/div>\n\t\t\t\t<\/div>\n\t\t\t\t\t<\/div>\n\t\t<\/div>\n\t\t\t\t<div class=\"elementor-column elementor-col-50 elementor-inner-column elementor-element elementor-element-4b110eb\" data-id=\"4b110eb\" data-element_type=\"column\" data-e-type=\"column\">\n\t\t\t<div class=\"elementor-widget-wrap elementor-element-populated\">\n\t\t\t\t\t\t<div class=\"elementor-element elementor-element-038a6f1 elementor-widget elementor-widget-image\" data-id=\"038a6f1\" data-element_type=\"widget\" data-e-type=\"widget\" data-widget_type=\"image.default\">\n\t\t\t\t<div class=\"elementor-widget-container\">\n\t\t\t\t\t\t\t\t\t\t\t\t\t\t\t<img loading=\"lazy\" decoding=\"async\" width=\"672\" height=\"1536\" src=\"https:\/\/www.hantuketimurunleri.com\/wp-content\/uploads\/2025\/10\/672-x-1536.jpg\" class=\"attachment-full size-full wp-image-1952\" alt=\"\" srcset=\"https:\/\/www.hantuketimurunleri.com\/wp-content\/uploads\/2025\/10\/672-x-1536.jpg 672w, https:\/\/www.hantuketimurunleri.com\/wp-content\/uploads\/2025\/10\/672-x-1536-448x1024.jpg 448w\" sizes=\"auto, (max-width: 672px) 100vw, 672px\" \/>\t\t\t\t\t\t\t\t\t\t\t\t\t\t\t<\/div>\n\t\t\t\t<\/div>\n\t\t\t\t\t<\/div>\n\t\t<\/div>\n\t\t\t\t\t<\/div>\n\t\t<\/section>\n\t\t\t\t<section class=\"elementor-section elementor-inner-section elementor-element elementor-element-c6294f1 elementor-section-boxed elementor-section-height-default elementor-section-height-default shape-bg-top-no shape-bg-bottom-no\" data-id=\"c6294f1\" data-element_type=\"section\" data-e-type=\"section\">\n\t\t\t\t\t\t<div class=\"elementor-container elementor-column-gap-default\">\n\t\t\t\t\t<div class=\"elementor-column elementor-col-50 elementor-inner-column elementor-element elementor-element-9291c4a\" data-id=\"9291c4a\" data-element_type=\"column\" data-e-type=\"column\">\n\t\t\t<div class=\"elementor-widget-wrap elementor-element-populated\">\n\t\t\t\t\t\t<div class=\"elementor-element elementor-element-decaa71 elementor-widget elementor-widget-image\" data-id=\"decaa71\" data-element_type=\"widget\" data-e-type=\"widget\" data-widget_type=\"image.default\">\n\t\t\t\t<div class=\"elementor-widget-container\">\n\t\t\t\t\t\t\t\t\t\t\t\t\t\t\t<img loading=\"lazy\" decoding=\"async\" width=\"832\" height=\"1248\" src=\"https:\/\/www.hantuketimurunleri.com\/wp-content\/uploads\/2025\/10\/832x1248-1.jpg\" class=\"attachment-full size-full wp-image-1954\" alt=\"\" srcset=\"https:\/\/www.hantuketimurunleri.com\/wp-content\/uploads\/2025\/10\/832x1248-1.jpg 832w, https:\/\/www.hantuketimurunleri.com\/wp-content\/uploads\/2025\/10\/832x1248-1-683x1024.jpg 683w, https:\/\/www.hantuketimurunleri.com\/wp-content\/uploads\/2025\/10\/832x1248-1-768x1152.jpg 768w\" sizes=\"auto, (max-width: 832px) 100vw, 832px\" \/>\t\t\t\t\t\t\t\t\t\t\t\t\t\t\t<\/div>\n\t\t\t\t<\/div>\n\t\t\t\t\t<\/div>\n\t\t<\/div>\n\t\t\t\t<div class=\"elementor-column elementor-col-50 elementor-inner-column elementor-element elementor-element-b41af9f\" data-id=\"b41af9f\" data-element_type=\"column\" data-e-type=\"column\">\n\t\t\t<div class=\"elementor-widget-wrap elementor-element-populated\">\n\t\t\t\t\t\t<div class=\"elementor-element elementor-element-4870e64 elementor-widget elementor-widget-image\" data-id=\"4870e64\" data-element_type=\"widget\" data-e-type=\"widget\" data-widget_type=\"image.default\">\n\t\t\t\t<div class=\"elementor-widget-container\">\n\t\t\t\t\t\t\t\t\t\t\t\t\t\t\t<img loading=\"lazy\" decoding=\"async\" width=\"832\" height=\"1248\" src=\"https:\/\/www.hantuketimurunleri.com\/wp-content\/uploads\/2025\/10\/832x1248-3.jpg\" class=\"attachment-full size-full wp-image-1953\" alt=\"\" srcset=\"https:\/\/www.hantuketimurunleri.com\/wp-content\/uploads\/2025\/10\/832x1248-3.jpg 832w, https:\/\/www.hantuketimurunleri.com\/wp-content\/uploads\/2025\/10\/832x1248-3-683x1024.jpg 683w, https:\/\/www.hantuketimurunleri.com\/wp-content\/uploads\/2025\/10\/832x1248-3-768x1152.jpg 768w\" sizes=\"auto, (max-width: 832px) 100vw, 832px\" \/>\t\t\t\t\t\t\t\t\t\t\t\t\t\t\t<\/div>\n\t\t\t\t<\/div>\n\t\t\t\t\t<\/div>\n\t\t<\/div>\n\t\t\t\t\t<\/div>\n\t\t<\/section>\n\t\t\t\t\t<\/div>\n\t\t<\/div>\n\t\t\t\t\t<\/div>\n\t\t<\/section>\n\t\t\t\t<section class=\"elementor-section elementor-top-section elementor-element elementor-element-637c227 elementor-section-boxed elementor-section-height-default elementor-section-height-default shape-bg-top-no shape-bg-bottom-no\" data-id=\"637c227\" data-element_type=\"section\" data-e-type=\"section\">\n\t\t\t\t\t\t<div class=\"elementor-container elementor-column-gap-default\">\n\t\t\t\t\t<div class=\"elementor-column elementor-col-25 elementor-top-column elementor-element elementor-element-66f1f90\" data-id=\"66f1f90\" data-element_type=\"column\" data-e-type=\"column\">\n\t\t\t<div class=\"elementor-widget-wrap elementor-element-populated\">\n\t\t\t\t\t\t<div class=\"elementor-element elementor-element-b81894b elementor-widget elementor-widget-gva-heading-block\" data-id=\"b81894b\" data-element_type=\"widget\" data-e-type=\"widget\" data-widget_type=\"gva-heading-block.default\">\n\t\t\t\t<div class=\"elementor-widget-container\">\n\t\t\t\t\t<div class=\"gva-element-gva-heading-block gva-element\">   <div class=\"align-left style-1 widget gsc-heading box-align-left auto-responsive\">\r\n      <div class=\"content-inner\">\r\n         \r\n                  \r\n         <div class=\"sub-title\"><span class=\"heading-icon\"><img decoding=\"async\" src=\"http:\/\/www.hantuketimurunleri.com\/wp-content\/uploads\/2021\/08\/cropped-IMG_0527_copy2-removebg-preview-e1758667814401.png\" alt=\"\" \/><\/span><span class=\"tagline\">Neden Han T\u00fcketim \u00dcr\u00fcnleri?<\/span><\/div>  \r\n         \r\n                     <h2 class=\"title\">\r\n               <span>Kalite, g\u00fcven ve s\u00fcrd\u00fcr\u00fclebilirlikte fark yaratan marka.<\/span>\r\n            <\/h2>\r\n                  \r\n         \r\n      <\/div>\r\n   <\/div>\r\n<\/div>\t\t\t\t<\/div>\n\t\t\t\t<\/div>\n\t\t\t\t\t<\/div>\n\t\t<\/div>\n\t\t\t\t<div class=\"elementor-column elementor-col-25 elementor-top-column elementor-element elementor-element-f93887f\" data-id=\"f93887f\" data-element_type=\"column\" data-e-type=\"column\">\n\t\t\t<div class=\"elementor-widget-wrap elementor-element-populated\">\n\t\t\t\t\t\t<div class=\"elementor-element elementor-element-787fe54 elementor-widget elementor-widget-gva-circle-progress\" data-id=\"787fe54\" data-element_type=\"widget\" data-e-type=\"widget\" data-widget_type=\"gva-circle-progress.default\">\n\t\t\t\t<div class=\"elementor-widget-container\">\n\t\t\t\t\t<div class=\"gva-element-gva-circle-progress gva-element\">   \r\n   <div class=\"gsc-circle-progress clearfix\">\r\n      <div class=\"circle-progress\" data-value=\"0.97\"  data-thickness=\"5\" data-empty-fill=\"#EDF3F6\" data-lineCap=\"square\" data-size=\"100\" data-fill=\"{ &quot;color&quot;: &quot;#048A31&quot; }\">\r\n         <strong><\/strong>\r\n      <\/div> \r\n               <div class=\"title\">\r\n            <span>Uluslararas\u0131 Standartlara Uyum<\/span>\r\n         <\/div>   \r\n         <\/div> \r\n\r\n<\/div>\t\t\t\t<\/div>\n\t\t\t\t<\/div>\n\t\t\t\t\t<\/div>\n\t\t<\/div>\n\t\t\t\t<div class=\"elementor-column elementor-col-25 elementor-top-column elementor-element elementor-element-300367d\" data-id=\"300367d\" data-element_type=\"column\" data-e-type=\"column\">\n\t\t\t<div class=\"elementor-widget-wrap elementor-element-populated\">\n\t\t\t\t\t\t<div class=\"elementor-element elementor-element-6e858f8 elementor-widget elementor-widget-gva-circle-progress\" data-id=\"6e858f8\" data-element_type=\"widget\" data-e-type=\"widget\" data-widget_type=\"gva-circle-progress.default\">\n\t\t\t\t<div class=\"elementor-widget-container\">\n\t\t\t\t\t<div class=\"gva-element-gva-circle-progress gva-element\">   \r\n   <div class=\"gsc-circle-progress clearfix\">\r\n      <div class=\"circle-progress\" data-value=\"0.99\"  data-thickness=\"5\" data-empty-fill=\"#EDF3F6\" data-lineCap=\"square\" data-size=\"100\" data-fill=\"{ &quot;color&quot;: &quot;#048A31&quot; }\">\r\n         <strong><\/strong>\r\n      <\/div> \r\n               <div class=\"title\">\r\n            <span>M\u00fc\u015fteri Memnuniyeti<\/span>\r\n         <\/div>   \r\n         <\/div> \r\n\r\n<\/div>\t\t\t\t<\/div>\n\t\t\t\t<\/div>\n\t\t\t\t\t<\/div>\n\t\t<\/div>\n\t\t\t\t<div class=\"elementor-column elementor-col-25 elementor-top-column elementor-element elementor-element-66cec47\" data-id=\"66cec47\" data-element_type=\"column\" data-e-type=\"column\">\n\t\t\t<div class=\"elementor-widget-wrap elementor-element-populated\">\n\t\t\t\t\t\t<div class=\"elementor-element elementor-element-43c2d07 elementor-widget elementor-widget-gva-circle-progress\" data-id=\"43c2d07\" data-element_type=\"widget\" data-e-type=\"widget\" data-widget_type=\"gva-circle-progress.default\">\n\t\t\t\t<div class=\"elementor-widget-container\">\n\t\t\t\t\t<div class=\"gva-element-gva-circle-progress gva-element\">   \r\n   <div class=\"gsc-circle-progress clearfix\">\r\n      <div class=\"circle-progress\" data-value=\"0.9\"  data-thickness=\"5\" data-empty-fill=\"#EDF3F6\" data-lineCap=\"square\" data-size=\"100\" data-fill=\"{ &quot;color&quot;: &quot;#048A31&quot; }\">\r\n         <strong><\/strong>\r\n      <\/div> \r\n               <div class=\"title\">\r\n            <span>S\u00fcrd\u00fcr\u00fclebilir \u00c7\u00f6z\u00fcmler<\/span>\r\n         <\/div>   \r\n         <\/div> \r\n\r\n<\/div>\t\t\t\t<\/div>\n\t\t\t\t<\/div>\n\t\t\t\t\t<\/div>\n\t\t<\/div>\n\t\t\t\t\t<\/div>\n\t\t<\/section>\n\t\t\t\t<\/div>\n\t\t","protected":false},"excerpt":{"rendered":"<p>Hakk\u0131m\u0131zda 25 y\u0131l\u0131 a\u015fk\u0131n s\u00fcredir do\u011faya ve insana de\u011fer katan \u00fcr\u00fcnler \u00fcretiyoruz. Biz Kimiz? Han T\u00fcketim \u00dcr\u00fcnleri Han T\u00fcketim \u00dcr\u00fcnleri olarak do\u011fal g\u0131da, botanik k\u00f6kenli kozmetik ve yenilik\u00e7i paketleme \u00e7\u00f6z\u00fcmleri [&hellip;]<\/p>\n","protected":false},"author":1,"featured_media":0,"parent":0,"menu_order":0,"comment_status":"closed","ping_status":"closed","template":"","meta":{"_eb_attr":"","footnotes":""},"class_list":["post-21","page","type-page","status-publish","hentry"],"_links":{"self":[{"href":"https:\/\/www.hantuketimurunleri.com\/index.php\/wp-json\/wp\/v2\/pages\/21","targetHints":{"allow":["GET"]}}],"collection":[{"href":"https:\/\/www.hantuketimurunleri.com\/index.php\/wp-json\/wp\/v2\/pages"}],"about":[{"href":"https:\/\/www.hantuketimurunleri.com\/index.php\/wp-json\/wp\/v2\/types\/page"}],"author":[{"embeddable":true,"href":"https:\/\/www.hantuketimurunleri.com\/index.php\/wp-json\/wp\/v2\/users\/1"}],"replies":[{"embeddable":true,"href":"https:\/\/www.hantuketimurunleri.com\/index.php\/wp-json\/wp\/v2\/comments?post=21"}],"version-history":[{"count":13,"href":"https:\/\/www.hantuketimurunleri.com\/index.php\/wp-json\/wp\/v2\/pages\/21\/revisions"}],"predecessor-version":[{"id":1962,"href":"https:\/\/www.hantuketimurunleri.com\/index.php\/wp-json\/wp\/v2\/pages\/21\/revisions\/1962"}],"wp:attachment":[{"href":"https:\/\/www.hantuketimurunleri.com\/index.php\/wp-json\/wp\/v2\/media?parent=21"}],"curies":[{"name":"wp","href":"https:\/\/api.w.org\/{rel}","templated":true}]}}