{"id":1919,"date":"2025-09-27T22:44:25","date_gmt":"2025-09-27T22:44:25","guid":{"rendered":"http:\/\/www.hantuketimurunleri.com\/?page_id=1919"},"modified":"2025-09-27T22:48:09","modified_gmt":"2025-09-27T22:48:09","slug":"han-baharat","status":"publish","type":"page","link":"https:\/\/www.hantuketimurunleri.com\/index.php\/han-baharat\/","title":{"rendered":"Han Baharat"},"content":{"rendered":"\t\t<div data-elementor-type=\"wp-page\" data-elementor-id=\"1919\" class=\"elementor elementor-1919\">\n\t\t\t\t\t\t<section class=\"elementor-section elementor-top-section elementor-element elementor-element-77b7f9c elementor-section-full_width elementor-section-height-default elementor-section-height-default shape-bg-top-no shape-bg-bottom-no\" data-id=\"77b7f9c\" data-element_type=\"section\" data-e-type=\"section\">\n\t\t\t\t\t\t<div class=\"elementor-container elementor-column-gap-default\">\n\t\t\t\t\t<div class=\"elementor-column elementor-col-100 elementor-top-column elementor-element elementor-element-b2477c2\" data-id=\"b2477c2\" data-element_type=\"column\" data-e-type=\"column\">\n\t\t\t<div class=\"elementor-widget-wrap elementor-element-populated\">\n\t\t\t\t\t\t<div class=\"elementor-element elementor-element-a3f546c elementor-widget elementor-widget-gva_post_breadcrumb\" data-id=\"a3f546c\" data-element_type=\"widget\" data-e-type=\"widget\" data-widget_type=\"gva_post_breadcrumb.default\">\n\t\t\t\t<div class=\"elementor-widget-container\">\n\t\t\t\t\t<div class=\"gva-element-gva_post_breadcrumb gva-element\">   \r\n<div class=\"post-breadcrumb\">\r\n   <div class=\"custom-breadcrumb \" >\r\n            <div class=\"breadcrumb-main\">\r\n        <div class=\"container\">\r\n          <div class=\"breadcrumb-container-inner\">\r\n            <h2 class=\"heading-title\">Han Baharat<\/h2><ol class=\"breadcrumb\"><li><a href=\"https:\/\/www.hantuketimurunleri.com\">Home<\/a> <\/li> <li class=\"active\">Sayfa<\/li><\/ol>          <\/div>  \r\n        <\/div>   \r\n      <\/div>  \r\n   <\/div>\r\n<\/div>      \r\n\r\n<\/div>\t\t\t\t<\/div>\n\t\t\t\t<\/div>\n\t\t\t\t\t<\/div>\n\t\t<\/div>\n\t\t\t\t\t<\/div>\n\t\t<\/section>\n\t\t\t\t<section class=\"elementor-section elementor-top-section elementor-element elementor-element-5522553 elementor-section-boxed elementor-section-height-default elementor-section-height-default shape-bg-top-no shape-bg-bottom-no\" data-id=\"5522553\" data-element_type=\"section\" data-e-type=\"section\">\n\t\t\t\t\t\t<div class=\"elementor-container elementor-column-gap-default\">\n\t\t\t\t\t<div class=\"elementor-column elementor-col-100 elementor-top-column elementor-element elementor-element-2ea2068\" data-id=\"2ea2068\" data-element_type=\"column\" data-e-type=\"column\">\n\t\t\t<div class=\"elementor-widget-wrap\">\n\t\t\t\t\t\t\t<\/div>\n\t\t<\/div>\n\t\t\t\t\t<\/div>\n\t\t<\/section>\n\t\t\t\t<section class=\"elementor-section elementor-top-section elementor-element elementor-element-dfcec26 elementor-section-boxed elementor-section-height-default elementor-section-height-default shape-bg-top-no shape-bg-bottom-no\" data-id=\"dfcec26\" data-element_type=\"section\" data-e-type=\"section\">\n\t\t\t\t\t\t<div class=\"elementor-container elementor-column-gap-default\">\n\t\t\t\t\t<div class=\"elementor-column elementor-col-100 elementor-top-column elementor-element elementor-element-e7a36d8\" data-id=\"e7a36d8\" data-element_type=\"column\" data-e-type=\"column\">\n\t\t\t<div class=\"elementor-widget-wrap elementor-element-populated\">\n\t\t\t\t\t\t<div class=\"elementor-element elementor-element-2340059 elementor-widget elementor-widget-image\" data-id=\"2340059\" data-element_type=\"widget\" data-e-type=\"widget\" data-widget_type=\"image.default\">\n\t\t\t\t<div class=\"elementor-widget-container\">\n\t\t\t\t\t\t\t\t\t\t\t\t\t\t\t<img loading=\"lazy\" decoding=\"async\" width=\"302\" height=\"73\" src=\"https:\/\/www.hantuketimurunleri.com\/wp-content\/uploads\/2025\/09\/WhatsApp-Image-2025-09-26-at-14.53.05.jpeg\" class=\"attachment-medium_large size-medium_large wp-image-1921\" alt=\"\" \/>\t\t\t\t\t\t\t\t\t\t\t\t\t\t\t<\/div>\n\t\t\t\t<\/div>\n\t\t\t\t<div class=\"elementor-element elementor-element-9d0b4ae elementor-widget__width-initial elementor-widget elementor-widget-text-editor\" data-id=\"9d0b4ae\" data-element_type=\"widget\" data-e-type=\"widget\" data-widget_type=\"text-editor.default\">\n\t\t\t\t<div class=\"elementor-widget-container\">\n\t\t\t\t\t\t\t\t\t<p>Han Baharat<\/p><p>Han Baharat olarak 25 y\u0131l\u0131 a\u015fk\u0131n s\u00fcredir benimsedi\u011fimiz de\u011ferleri koruyarak faaliyet g\u00f6stermekteyiz. Bitki, baharat ve aktar \u00fcr\u00fcnleri alan\u0131ndaki tecr\u00fcbemizle; geleneksel aktar k\u00fclt\u00fcr\u00fcn\u00fc modern \u00fcretim ve paketleme anlay\u0131\u015f\u0131yla bulu\u015fturuyor, g\u00fcn\u00fcm\u00fcz\u00fcn y\u00fcksek teknoloji ve h\u0131zl\u0131 de\u011fi\u015fim gerekliliklerine uyum sa\u011flayarak yolumuza devam ediyoruz.<\/p><p>Markalar\u0131m\u0131zla birlikte do\u011faya ve insana zarar vermeyen, g\u00fcvenilir ve fayda odakl\u0131 \u00fcr\u00fcnler sunmaya \u00f6zen g\u00f6steriyoruz. Tedarik zincirinde izlenebilirlikten hijyenik paketlemeye kadar her a\u015famada \u00f6zenle \u00e7al\u0131\u015f\u0131yor; se\u00e7ili bitkileri ve baharatlar\u0131 mevsiminde, do\u011fru \u015fartlarda temin ederek tazelik ve safl\u0131\u011f\u0131 \u00f6nceliklendiriyoruz. Sa\u011fl\u0131\u011fa dost, \u00e7evreye duyarl\u0131 ve s\u00fcrd\u00fcr\u00fclebilir \u00e7\u00f6z\u00fcmlerimizle hem bireylerin g\u00fcnl\u00fck ya\u015fam kalitesine katk\u0131 sa\u011flamay\u0131 hem de do\u011fal kaynaklar\u0131n korunmas\u0131na destek olmay\u0131 ama\u00e7l\u0131yoruz.<\/p><p>Bug\u00fcn Han Baharat; kalite, g\u00fcven ve yenilik\u00e7ilik anlay\u0131\u015f\u0131 sayesinde \u00e7ok say\u0131da firma ve t\u00fcketici taraf\u0131ndan tercih edilmekte; aktarlardan ev mutfaklar\u0131na, horeca kanal\u0131ndan e-ticarete uzanan geni\u015f bir yelpazede g\u00fcvenle kullan\u0131lan bir marka konumunu g\u00fc\u00e7lendirmektedir. Gelenekten ilham al\u0131p gelece\u011fe uyum sa\u011flayan yakla\u015f\u0131m\u0131m\u0131zla, her paketimizde ayn\u0131 \u00f6zeni ve lezzeti sunmaya devam ediyoruz.<\/p>\t\t\t\t\t\t\t\t<\/div>\n\t\t\t\t<\/div>\n\t\t\t\t\t<\/div>\n\t\t<\/div>\n\t\t\t\t\t<\/div>\n\t\t<\/section>\n\t\t\t\t<\/div>\n\t\t","protected":false},"excerpt":{"rendered":"<p>Han Baharat Home Sayfa Han Baharat Han Baharat olarak 25 y\u0131l\u0131 a\u015fk\u0131n s\u00fcredir benimsedi\u011fimiz de\u011ferleri koruyarak faaliyet g\u00f6stermekteyiz. Bitki, baharat ve aktar \u00fcr\u00fcnleri alan\u0131ndaki tecr\u00fcbemizle; geleneksel aktar k\u00fclt\u00fcr\u00fcn\u00fc modern \u00fcretim [&hellip;]<\/p>\n","protected":false},"author":1,"featured_media":0,"parent":0,"menu_order":0,"comment_status":"closed","ping_status":"closed","template":"","meta":{"_eb_attr":"","footnotes":""},"class_list":["post-1919","page","type-page","status-publish","hentry"],"_links":{"self":[{"href":"https:\/\/www.hantuketimurunleri.com\/index.php\/wp-json\/wp\/v2\/pages\/1919","targetHints":{"allow":["GET"]}}],"collection":[{"href":"https:\/\/www.hantuketimurunleri.com\/index.php\/wp-json\/wp\/v2\/pages"}],"about":[{"href":"https:\/\/www.hantuketimurunleri.com\/index.php\/wp-json\/wp\/v2\/types\/page"}],"author":[{"embeddable":true,"href":"https:\/\/www.hantuketimurunleri.com\/index.php\/wp-json\/wp\/v2\/users\/1"}],"replies":[{"embeddable":true,"href":"https:\/\/www.hantuketimurunleri.com\/index.php\/wp-json\/wp\/v2\/comments?post=1919"}],"version-history":[{"count":4,"href":"https:\/\/www.hantuketimurunleri.com\/index.php\/wp-json\/wp\/v2\/pages\/1919\/revisions"}],"predecessor-version":[{"id":1926,"href":"https:\/\/www.hantuketimurunleri.com\/index.php\/wp-json\/wp\/v2\/pages\/1919\/revisions\/1926"}],"wp:attachment":[{"href":"https:\/\/www.hantuketimurunleri.com\/index.php\/wp-json\/wp\/v2\/media?parent=1919"}],"curies":[{"name":"wp","href":"https:\/\/api.w.org\/{rel}","templated":true}]}}