{"id":1825,"date":"2025-09-23T22:07:10","date_gmt":"2025-09-23T22:07:10","guid":{"rendered":"http:\/\/www.hantuketimurunleri.com\/?page_id=1825"},"modified":"2025-09-25T09:54:36","modified_gmt":"2025-09-25T09:54:36","slug":"hepsideva","status":"publish","type":"page","link":"https:\/\/www.hantuketimurunleri.com\/index.php\/hepsideva\/","title":{"rendered":"Hepsideva"},"content":{"rendered":"\t\t<div data-elementor-type=\"wp-page\" data-elementor-id=\"1825\" class=\"elementor elementor-1825\">\n\t\t\t\t\t\t<section class=\"elementor-section elementor-top-section elementor-element elementor-element-77b7f9c elementor-section-full_width elementor-section-height-default elementor-section-height-default shape-bg-top-no shape-bg-bottom-no\" data-id=\"77b7f9c\" data-element_type=\"section\" data-e-type=\"section\">\n\t\t\t\t\t\t<div class=\"elementor-container elementor-column-gap-default\">\n\t\t\t\t\t<div class=\"elementor-column elementor-col-100 elementor-top-column elementor-element elementor-element-b2477c2\" data-id=\"b2477c2\" data-element_type=\"column\" data-e-type=\"column\">\n\t\t\t<div class=\"elementor-widget-wrap elementor-element-populated\">\n\t\t\t\t\t\t<div class=\"elementor-element elementor-element-a3f546c elementor-widget elementor-widget-gva_post_breadcrumb\" data-id=\"a3f546c\" data-element_type=\"widget\" data-e-type=\"widget\" data-widget_type=\"gva_post_breadcrumb.default\">\n\t\t\t\t<div class=\"elementor-widget-container\">\n\t\t\t\t\t<div class=\"gva-element-gva_post_breadcrumb gva-element\">   \r\n<div class=\"post-breadcrumb\">\r\n   <div class=\"custom-breadcrumb \" >\r\n            <div class=\"breadcrumb-main\">\r\n        <div class=\"container\">\r\n          <div class=\"breadcrumb-container-inner\">\r\n            <h2 class=\"heading-title\">Hepsideva<\/h2><ol class=\"breadcrumb\"><li><a href=\"https:\/\/www.hantuketimurunleri.com\">Home<\/a> <\/li> <li class=\"active\">Sayfa<\/li><\/ol>          <\/div>  \r\n        <\/div>   \r\n      <\/div>  \r\n   <\/div>\r\n<\/div>      \r\n\r\n<\/div>\t\t\t\t<\/div>\n\t\t\t\t<\/div>\n\t\t\t\t\t<\/div>\n\t\t<\/div>\n\t\t\t\t\t<\/div>\n\t\t<\/section>\n\t\t\t\t<section class=\"elementor-section elementor-top-section elementor-element elementor-element-5522553 elementor-section-boxed elementor-section-height-default elementor-section-height-default shape-bg-top-no shape-bg-bottom-no\" data-id=\"5522553\" data-element_type=\"section\" data-e-type=\"section\">\n\t\t\t\t\t\t<div class=\"elementor-container elementor-column-gap-default\">\n\t\t\t\t\t<div class=\"elementor-column elementor-col-100 elementor-top-column elementor-element elementor-element-2ea2068\" data-id=\"2ea2068\" data-element_type=\"column\" data-e-type=\"column\">\n\t\t\t<div class=\"elementor-widget-wrap\">\n\t\t\t\t\t\t\t<\/div>\n\t\t<\/div>\n\t\t\t\t\t<\/div>\n\t\t<\/section>\n\t\t\t\t<section class=\"elementor-section elementor-top-section elementor-element elementor-element-d904008 elementor-section-boxed elementor-section-height-default elementor-section-height-default shape-bg-top-no shape-bg-bottom-no\" data-id=\"d904008\" data-element_type=\"section\" data-e-type=\"section\">\n\t\t\t\t\t\t<div class=\"elementor-container elementor-column-gap-default\">\n\t\t\t\t\t<div class=\"elementor-column elementor-col-50 elementor-top-column elementor-element elementor-element-a088867\" data-id=\"a088867\" data-element_type=\"column\" data-e-type=\"column\">\n\t\t\t<div class=\"elementor-widget-wrap elementor-element-populated\">\n\t\t\t\t\t\t<div class=\"elementor-element elementor-element-4b106b7 elementor-widget__width-initial elementor-widget elementor-widget-image\" data-id=\"4b106b7\" data-element_type=\"widget\" data-e-type=\"widget\" data-widget_type=\"image.default\">\n\t\t\t\t<div class=\"elementor-widget-container\">\n\t\t\t\t\t\t\t\t\t\t\t\t\t\t\t<img loading=\"lazy\" decoding=\"async\" width=\"900\" height=\"718\" src=\"https:\/\/www.hantuketimurunleri.com\/wp-content\/uploads\/2025\/09\/desktop-8-1024x817.png\" class=\"attachment-large size-large wp-image-1827\" alt=\"\" srcset=\"https:\/\/www.hantuketimurunleri.com\/wp-content\/uploads\/2025\/09\/desktop-8-1024x817.png 1024w, https:\/\/www.hantuketimurunleri.com\/wp-content\/uploads\/2025\/09\/desktop-8-768x612.png 768w, https:\/\/www.hantuketimurunleri.com\/wp-content\/uploads\/2025\/09\/desktop-8.png 1713w\" sizes=\"auto, (max-width: 900px) 100vw, 900px\" \/>\t\t\t\t\t\t\t\t\t\t\t\t\t\t\t<\/div>\n\t\t\t\t<\/div>\n\t\t\t\t\t<\/div>\n\t\t<\/div>\n\t\t\t\t<div class=\"elementor-column elementor-col-50 elementor-top-column elementor-element elementor-element-2c9c33a\" data-id=\"2c9c33a\" data-element_type=\"column\" data-e-type=\"column\">\n\t\t\t<div class=\"elementor-widget-wrap elementor-element-populated\">\n\t\t\t\t\t\t<div class=\"elementor-element elementor-element-2340059 elementor-widget elementor-widget-image\" data-id=\"2340059\" data-element_type=\"widget\" data-e-type=\"widget\" data-widget_type=\"image.default\">\n\t\t\t\t<div class=\"elementor-widget-container\">\n\t\t\t\t\t\t\t\t\t\t\t\t\t\t\t<img loading=\"lazy\" decoding=\"async\" width=\"768\" height=\"234\" src=\"https:\/\/www.hantuketimurunleri.com\/wp-content\/uploads\/2025\/09\/hepsideva-768x234.jpg\" class=\"attachment-medium_large size-medium_large wp-image-1564\" alt=\"\" srcset=\"https:\/\/www.hantuketimurunleri.com\/wp-content\/uploads\/2025\/09\/hepsideva-768x234.jpg 768w, https:\/\/www.hantuketimurunleri.com\/wp-content\/uploads\/2025\/09\/hepsideva.jpg 1000w\" sizes=\"auto, (max-width: 768px) 100vw, 768px\" \/>\t\t\t\t\t\t\t\t\t\t\t\t\t\t\t<\/div>\n\t\t\t\t<\/div>\n\t\t\t\t<div class=\"elementor-element elementor-element-1aadcca elementor-widget elementor-widget-gva_icon_box_group\" data-id=\"1aadcca\" data-element_type=\"widget\" data-e-type=\"widget\" data-widget_type=\"gva_icon_box_group.default\">\n\t\t\t\t<div class=\"elementor-widget-container\">\n\t\t\t\t\t<div class=\"gva-element-gva_icon_box_group gva-element\">\r\n<div class=\"gsc-icon-box-group layout-grid style-2\">\r\n\t<div class=\"lg-block-grid-1 md-block-grid-1 sm-block-grid-1 xs-block-grid-1 xx-block-grid-1\">\r\n\t\t\t\t\t\r\n\t\t\t<div class=\"item-columns\">\r\n\t\t\t\t\r\n<div class=\"icon-box-item elementor-repeater-item-9725e66\">\r\n\t<div class=\"icon-box-content\">\r\n\r\n\t\t\t\t\t\r\n\t\t\t<div class=\"box-icon\"><img decoding=\"async\" src=\"http:\/\/www.hantuketimurunleri.com\/wp-content\/uploads\/2025\/09\/internet.png\" alt=\"\" \/><\/div>\r\n\t\t\t<div class=\"content-inner\">\r\n\t\t\t\t\t\t\t<\/div>\r\n\t\t\t\r\n\t\t\t\r\n\t\t\r\n\t<\/div>  \t\r\n\t\t\t  <a href=\"https:\/\/hepsideva.com\/\" class=\"link-overlay\">\r\n\t\t\t \t\t  <\/a>\r\n\t\t  <\/div>\t\t\t<\/div>\r\n\r\n\t\t\t<\/div>   \r\n<\/div>\r\n<\/div>\t\t\t\t<\/div>\n\t\t\t\t<\/div>\n\t\t\t\t\t<\/div>\n\t\t<\/div>\n\t\t\t\t\t<\/div>\n\t\t<\/section>\n\t\t\t\t<section class=\"elementor-section elementor-top-section elementor-element elementor-element-dfcec26 elementor-section-boxed elementor-section-height-default elementor-section-height-default shape-bg-top-no shape-bg-bottom-no\" data-id=\"dfcec26\" data-element_type=\"section\" data-e-type=\"section\">\n\t\t\t\t\t\t<div class=\"elementor-container elementor-column-gap-default\">\n\t\t\t\t\t<div class=\"elementor-column elementor-col-100 elementor-top-column elementor-element elementor-element-e7a36d8\" data-id=\"e7a36d8\" data-element_type=\"column\" data-e-type=\"column\">\n\t\t\t<div class=\"elementor-widget-wrap elementor-element-populated\">\n\t\t\t\t\t\t<div class=\"elementor-element elementor-element-9d0b4ae elementor-widget__width-initial elementor-widget elementor-widget-text-editor\" data-id=\"9d0b4ae\" data-element_type=\"widget\" data-e-type=\"widget\" data-widget_type=\"text-editor.default\">\n\t\t\t\t<div class=\"elementor-widget-container\">\n\t\t\t\t\t\t\t\t\t<p class=\"\" data-start=\"114\" data-end=\"535\">Hepsideva, 25 y\u0131l\u0131 a\u015fk\u0131n bir s\u00fcredir sekt\u00f6rdeki liderli\u011fini s\u00fcrd\u00fcren, m\u00fc\u015fteri memnuniyetini her zaman \u00f6n planda tutan bir markad\u0131r. \u0130stanbul merkezli olarak faaliyet g\u00f6steren firmam\u0131z, T\u00fcrkiye ve d\u00fcnya \u00e7ap\u0131ndaki bir\u00e7ok ma\u011faza ve sat\u0131\u015f noktas\u0131yla, her ge\u00e7en g\u00fcn daha geni\u015f bir m\u00fc\u015fteri kitlesine ula\u015fmaktad\u0131r. Bu ba\u015far\u0131, yaln\u0131zca kaliteli \u00fcr\u00fcnler sunmam\u0131zla de\u011fil, ayn\u0131 zamanda m\u00fc\u015fteri odakl\u0131 yakla\u015f\u0131m\u0131m\u0131zla da peki\u015fmi\u015ftir.<\/p><p class=\"\" data-start=\"537\" data-end=\"575\"><strong data-start=\"537\" data-end=\"575\">Global Bir Marka, Yerel De\u011ferlerle<\/strong><\/p><p class=\"\" data-start=\"577\" data-end=\"997\">Hepsideva, T\u00fcrkiye&#8217;de ve d\u00fcnya genelinde bir\u00e7ok uluslararas\u0131 pazarda g\u00fc\u00e7l\u00fc bir varl\u0131k g\u00f6stermektedir. Avrupa, Rusya, K\u00f6rfez \u00dclkeleri, Amerika ve Latin Amerika\u2019daki sat\u0131\u015f noktalar\u0131m\u0131z ve online platformlar\u0131m\u0131z arac\u0131l\u0131\u011f\u0131yla, global pazarda s\u00fcrekli olarak b\u00fcy\u00fcmeye devam ediyoruz. D\u00fcnya genelinde farkl\u0131 k\u00fclt\u00fcrlerden gelen m\u00fc\u015fterilerimize kaliteli \u00fcr\u00fcnler sunarak, yerel de\u011ferleri global \u00e7apta yans\u0131tmaktan gurur duyuyoruz.<\/p><p class=\"\" data-start=\"999\" data-end=\"1045\"><strong data-start=\"999\" data-end=\"1045\">Sadece Sat\u0131\u015f De\u011fil, G\u00fcvenilir Bir Ortakl\u0131k<\/strong><\/p><p class=\"\" data-start=\"1047\" data-end=\"1440\">Hepsideva olarak, yaln\u0131zca \u00fcr\u00fcn sat\u0131\u015f\u0131 yapmakla kalm\u0131yor, ayn\u0131 zamanda g\u00fcvenilir bir i\u015f orta\u011f\u0131 olma misyonumuzu da s\u00fcrd\u00fcr\u00fcyoruz. T\u00fcrkiye ve Orta Do\u011fu\u2019daki pop\u00fcler markalar\u0131n distrib\u00fct\u00f6rl\u00fc\u011f\u00fcn\u00fc yaparak, sekt\u00f6rdeki kalite standartlar\u0131n\u0131 her ge\u00e7en g\u00fcn y\u00fckseltiyoruz. M\u00fc\u015fterilerimize sundu\u011fumuz \u00fcr\u00fcnlerin kalitesinden \u00f6d\u00fcn vermeden, onlar\u0131n ihtiya\u00e7lar\u0131na en iyi \u015fekilde hitap etmeye devam ediyoruz.<\/p><p class=\"\" data-start=\"1442\" data-end=\"1500\"><strong data-start=\"1442\" data-end=\"1500\">Do\u011fal ve Organik \u00dcr\u00fcnler: Sa\u011fl\u0131k ve Do\u011fall\u0131k Bir Arada<\/strong><\/p><p class=\"\" data-start=\"1502\" data-end=\"2012\">Hepsideva, yaln\u0131zca kaliteli \u00fcr\u00fcnler de\u011fil, ayn\u0131 zamanda do\u011fa dostu ve organik se\u00e7enekler sunarak sa\u011fl\u0131kl\u0131 ya\u015fam\u0131 desteklemektedir. \u00dcr\u00fcn yelpazemizde yer alan her bir \u00fcr\u00fcn, do\u011fan\u0131n sundu\u011fu en kaliteli ve sa\u011fl\u0131kl\u0131 malzemelerle \u00fcretilmektedir. Bizim i\u00e7in kalite, sadece \u00fcr\u00fcnlerin fiziksel \u00f6zellikleriyle ilgili de\u011fil, ayn\u0131 zamanda s\u00fcrd\u00fcr\u00fclebilirlik ve \u00e7evreye duyarl\u0131l\u0131k anlam\u0131na da gelir. Do\u011fal i\u00e7eriklerle \u00fcretilen \u00fcr\u00fcnlerimiz, modern ya\u015fam\u0131n gereksinimlerine cevap verirken, ayn\u0131 zamanda do\u011faya da sayg\u0131l\u0131d\u0131r.<\/p><p class=\"\" data-start=\"2014\" data-end=\"2050\"><strong data-start=\"2014\" data-end=\"2050\">Yenilik\u00e7ilik ve Sekt\u00f6r Liderli\u011fi<\/strong><\/p><p class=\"\" data-start=\"2052\" data-end=\"2445\">Hepsideva olarak, sekt\u00f6rdeki geli\u015fmeleri s\u00fcrekli takip ediyor ve global \u00f6l\u00e7ekteki yenilikleri yak\u0131ndan izliyoruz. Yurt i\u00e7i ve yurt d\u0131\u015f\u0131ndaki bir\u00e7ok fuara kat\u0131larak, sekt\u00f6rle ilgili yeni trendleri ve teknolojileri m\u00fc\u015fterilerimize sunma konusunda \u00f6nc\u00fcy\u00fcz. M\u00fc\u015fteri beklentilerini kar\u015f\u0131laman\u0131n yan\u0131 s\u0131ra, sekt\u00f6rdeki yenilikleri m\u00fc\u015fterilerimize sunarak, her zaman bir ad\u0131m \u00f6nde olmay\u0131 hedefliyoruz.<\/p><p class=\"\" data-start=\"2447\" data-end=\"2490\"><strong data-start=\"2447\" data-end=\"2490\">M\u00fc\u015fteri Memnuniyeti: Ba\u015far\u0131m\u0131z\u0131n Temeli<\/strong><\/p><p class=\"\" data-start=\"2492\" data-end=\"2797\">M\u00fc\u015fteri memnuniyeti, Hepsideva&#8217;n\u0131n her zaman en \u00f6ncelikli hedefi olmu\u015ftur. Sat\u0131\u015f sonras\u0131 hizmetler, \u00fcr\u00fcn kalitesi ve m\u00fc\u015fteri deste\u011fi gibi alanlarda daima y\u00fcksek standartlar\u0131 hedefliyoruz. Her bir m\u00fc\u015fterimizin, \u00fcr\u00fcnlerimizi kullan\u0131rken en iyi deneyimi ya\u015famas\u0131 i\u00e7in s\u00fcrekli olarak kendimizi geli\u015ftiriyoruz.<\/p><p class=\"\" data-start=\"2799\" data-end=\"2846\"><strong data-start=\"2799\" data-end=\"2846\">S\u00fcrd\u00fcr\u00fclebilir Bir Gelecek \u0130\u00e7in \u00c7al\u0131\u015f\u0131yoruz<\/strong><\/p><p class=\"\" data-start=\"2848\" data-end=\"3201\">Hepsideva, yaln\u0131zca ticaret yapmay\u0131 de\u011fil, ayn\u0131 zamanda topluma de\u011fer katmay\u0131 da ilke edinmi\u015ftir. \u00c7evre dostu \u00fcretim s\u00fcre\u00e7leri ve s\u00fcrd\u00fcr\u00fclebilirlik anlay\u0131\u015f\u0131m\u0131zla, sa\u011fl\u0131kl\u0131 ya\u015fam\u0131 desteklemeyi ve do\u011faya duyarl\u0131 bir d\u00fcnya yaratmay\u0131 hedefliyoruz. M\u00fc\u015fterilerimize sundu\u011fumuz her bir \u00fcr\u00fcn\u00fcn, do\u011faya ve insana sayg\u0131l\u0131 bir \u015fekilde \u00fcretildi\u011finden emin oluyoruz.<\/p><p class=\"\" data-start=\"3203\" data-end=\"3237\"><strong data-start=\"3203\" data-end=\"3237\">Hepsideva ile Gelece\u011fe Yat\u0131r\u0131m<\/strong><\/p><p class=\"\" data-start=\"3239\" data-end=\"3574\">Gelece\u011fe y\u00f6nelik vizyonumuz, hem yerel hem de global \u00f6l\u00e7ekte en kaliteli \u00fcr\u00fcnleri sunmaya devam etmektir. M\u00fc\u015fteri memnuniyetini en \u00fcst d\u00fczeyde tutarak, sekt\u00f6rdeki liderli\u011fimizi s\u00fcrd\u00fcrece\u011fiz. Hepsideva, sa\u011flam temeller \u00fczerine kurulu bir marka olarak, sa\u011fl\u0131kl\u0131, g\u00fcvenilir ve kaliteli \u00fcr\u00fcnlerle daha g\u00fczel bir d\u00fcnya yaratmay\u0131 hedefliyor.<\/p><p class=\"\" data-start=\"3576\" data-end=\"3693\">Bizimle birlikte daha sa\u011fl\u0131kl\u0131 bir ya\u015fam\u0131 ke\u015ffedin ve kaliteli \u00fcr\u00fcnlerimizle kendinize ve sevdiklerinize de\u011fer kat\u0131n.<\/p>\t\t\t\t\t\t\t\t<\/div>\n\t\t\t\t<\/div>\n\t\t\t\t\t<\/div>\n\t\t<\/div>\n\t\t\t\t\t<\/div>\n\t\t<\/section>\n\t\t\t\t<\/div>\n\t\t","protected":false},"excerpt":{"rendered":"<p>Hepsideva Home Sayfa Hepsideva, 25 y\u0131l\u0131 a\u015fk\u0131n bir s\u00fcredir sekt\u00f6rdeki liderli\u011fini s\u00fcrd\u00fcren, m\u00fc\u015fteri memnuniyetini her zaman \u00f6n planda tutan bir markad\u0131r. \u0130stanbul merkezli olarak faaliyet g\u00f6steren firmam\u0131z, T\u00fcrkiye ve d\u00fcnya [&hellip;]<\/p>\n","protected":false},"author":1,"featured_media":0,"parent":0,"menu_order":0,"comment_status":"closed","ping_status":"closed","template":"","meta":{"_eb_attr":"","footnotes":""},"class_list":["post-1825","page","type-page","status-publish","hentry"],"_links":{"self":[{"href":"https:\/\/www.hantuketimurunleri.com\/index.php\/wp-json\/wp\/v2\/pages\/1825","targetHints":{"allow":["GET"]}}],"collection":[{"href":"https:\/\/www.hantuketimurunleri.com\/index.php\/wp-json\/wp\/v2\/pages"}],"about":[{"href":"https:\/\/www.hantuketimurunleri.com\/index.php\/wp-json\/wp\/v2\/types\/page"}],"author":[{"embeddable":true,"href":"https:\/\/www.hantuketimurunleri.com\/index.php\/wp-json\/wp\/v2\/users\/1"}],"replies":[{"embeddable":true,"href":"https:\/\/www.hantuketimurunleri.com\/index.php\/wp-json\/wp\/v2\/comments?post=1825"}],"version-history":[{"count":10,"href":"https:\/\/www.hantuketimurunleri.com\/index.php\/wp-json\/wp\/v2\/pages\/1825\/revisions"}],"predecessor-version":[{"id":1906,"href":"https:\/\/www.hantuketimurunleri.com\/index.php\/wp-json\/wp\/v2\/pages\/1825\/revisions\/1906"}],"wp:attachment":[{"href":"https:\/\/www.hantuketimurunleri.com\/index.php\/wp-json\/wp\/v2\/media?parent=1825"}],"curies":[{"name":"wp","href":"https:\/\/api.w.org\/{rel}","templated":true}]}}