{"id":1710,"date":"2025-09-19T07:10:24","date_gmt":"2025-09-19T07:10:24","guid":{"rendered":"http:\/\/www.hantuketimurunleri.com\/?page_id=1710"},"modified":"2025-09-25T09:55:14","modified_gmt":"2025-09-25T09:55:14","slug":"greendrops","status":"publish","type":"page","link":"https:\/\/www.hantuketimurunleri.com\/index.php\/greendrops\/","title":{"rendered":"Greendrops"},"content":{"rendered":"\t\t<div data-elementor-type=\"wp-page\" data-elementor-id=\"1710\" class=\"elementor elementor-1710\">\n\t\t\t\t\t\t<section class=\"elementor-section elementor-top-section elementor-element elementor-element-77b7f9c elementor-section-full_width elementor-section-height-default elementor-section-height-default shape-bg-top-no shape-bg-bottom-no\" data-id=\"77b7f9c\" data-element_type=\"section\" data-e-type=\"section\">\n\t\t\t\t\t\t<div class=\"elementor-container elementor-column-gap-default\">\n\t\t\t\t\t<div class=\"elementor-column elementor-col-100 elementor-top-column elementor-element elementor-element-b2477c2\" data-id=\"b2477c2\" data-element_type=\"column\" data-e-type=\"column\">\n\t\t\t<div class=\"elementor-widget-wrap elementor-element-populated\">\n\t\t\t\t\t\t<div class=\"elementor-element elementor-element-a3f546c elementor-widget elementor-widget-gva_post_breadcrumb\" data-id=\"a3f546c\" data-element_type=\"widget\" data-e-type=\"widget\" data-widget_type=\"gva_post_breadcrumb.default\">\n\t\t\t\t<div class=\"elementor-widget-container\">\n\t\t\t\t\t<div class=\"gva-element-gva_post_breadcrumb gva-element\">   \r\n<div class=\"post-breadcrumb\">\r\n   <div class=\"custom-breadcrumb \" >\r\n            <div class=\"breadcrumb-main\">\r\n        <div class=\"container\">\r\n          <div class=\"breadcrumb-container-inner\">\r\n            <h2 class=\"heading-title\">Greendrops<\/h2><ol class=\"breadcrumb\"><li><a href=\"https:\/\/www.hantuketimurunleri.com\">Home<\/a> <\/li> <li class=\"active\">Sayfa<\/li><\/ol>          <\/div>  \r\n        <\/div>   \r\n      <\/div>  \r\n   <\/div>\r\n<\/div>      \r\n\r\n<\/div>\t\t\t\t<\/div>\n\t\t\t\t<\/div>\n\t\t\t\t\t<\/div>\n\t\t<\/div>\n\t\t\t\t\t<\/div>\n\t\t<\/section>\n\t\t\t\t<section class=\"elementor-section elementor-top-section elementor-element elementor-element-5522553 elementor-section-boxed elementor-section-height-default elementor-section-height-default shape-bg-top-no shape-bg-bottom-no\" data-id=\"5522553\" data-element_type=\"section\" data-e-type=\"section\">\n\t\t\t\t\t\t<div class=\"elementor-container elementor-column-gap-default\">\n\t\t\t\t\t<div class=\"elementor-column elementor-col-100 elementor-top-column elementor-element elementor-element-2ea2068\" data-id=\"2ea2068\" data-element_type=\"column\" data-e-type=\"column\">\n\t\t\t<div class=\"elementor-widget-wrap\">\n\t\t\t\t\t\t\t<\/div>\n\t\t<\/div>\n\t\t\t\t\t<\/div>\n\t\t<\/section>\n\t\t\t\t<section class=\"elementor-section elementor-top-section elementor-element elementor-element-d904008 elementor-section-boxed elementor-section-height-default elementor-section-height-default shape-bg-top-no shape-bg-bottom-no\" data-id=\"d904008\" data-element_type=\"section\" data-e-type=\"section\">\n\t\t\t\t\t\t<div class=\"elementor-container elementor-column-gap-default\">\n\t\t\t\t\t<div class=\"elementor-column elementor-col-50 elementor-top-column elementor-element elementor-element-a088867\" data-id=\"a088867\" data-element_type=\"column\" data-e-type=\"column\">\n\t\t\t<div class=\"elementor-widget-wrap elementor-element-populated\">\n\t\t\t\t\t\t<div class=\"elementor-element elementor-element-4b106b7 elementor-widget__width-initial elementor-widget elementor-widget-image\" data-id=\"4b106b7\" data-element_type=\"widget\" data-e-type=\"widget\" data-widget_type=\"image.default\">\n\t\t\t\t<div class=\"elementor-widget-container\">\n\t\t\t\t\t\t\t\t\t\t\t\t\t\t\t<img loading=\"lazy\" decoding=\"async\" width=\"900\" height=\"718\" src=\"https:\/\/www.hantuketimurunleri.com\/wp-content\/uploads\/2025\/09\/desktop-6-1024x817.png\" class=\"attachment-large size-large wp-image-1712\" alt=\"\" srcset=\"https:\/\/www.hantuketimurunleri.com\/wp-content\/uploads\/2025\/09\/desktop-6-1024x817.png 1024w, https:\/\/www.hantuketimurunleri.com\/wp-content\/uploads\/2025\/09\/desktop-6-768x612.png 768w, https:\/\/www.hantuketimurunleri.com\/wp-content\/uploads\/2025\/09\/desktop-6.png 1713w\" sizes=\"auto, (max-width: 900px) 100vw, 900px\" \/>\t\t\t\t\t\t\t\t\t\t\t\t\t\t\t<\/div>\n\t\t\t\t<\/div>\n\t\t\t\t\t<\/div>\n\t\t<\/div>\n\t\t\t\t<div class=\"elementor-column elementor-col-50 elementor-top-column elementor-element elementor-element-2c9c33a\" data-id=\"2c9c33a\" data-element_type=\"column\" data-e-type=\"column\">\n\t\t\t<div class=\"elementor-widget-wrap elementor-element-populated\">\n\t\t\t\t\t\t<div class=\"elementor-element elementor-element-2340059 elementor-widget elementor-widget-image\" data-id=\"2340059\" data-element_type=\"widget\" data-e-type=\"widget\" data-widget_type=\"image.default\">\n\t\t\t\t<div class=\"elementor-widget-container\">\n\t\t\t\t\t\t\t\t\t\t\t\t\t\t\t<img loading=\"lazy\" decoding=\"async\" width=\"768\" height=\"234\" src=\"https:\/\/www.hantuketimurunleri.com\/wp-content\/uploads\/2025\/09\/greedrops-768x234.jpg\" class=\"attachment-medium_large size-medium_large wp-image-1563\" alt=\"\" srcset=\"https:\/\/www.hantuketimurunleri.com\/wp-content\/uploads\/2025\/09\/greedrops-768x234.jpg 768w, https:\/\/www.hantuketimurunleri.com\/wp-content\/uploads\/2025\/09\/greedrops.jpg 1000w\" sizes=\"auto, (max-width: 768px) 100vw, 768px\" \/>\t\t\t\t\t\t\t\t\t\t\t\t\t\t\t<\/div>\n\t\t\t\t<\/div>\n\t\t\t\t<div class=\"elementor-element elementor-element-eb0ff3f elementor-widget elementor-widget-gva_icon_box_group\" data-id=\"eb0ff3f\" data-element_type=\"widget\" data-e-type=\"widget\" data-widget_type=\"gva_icon_box_group.default\">\n\t\t\t\t<div class=\"elementor-widget-container\">\n\t\t\t\t\t<div class=\"gva-element-gva_icon_box_group gva-element\">\r\n<div class=\"gsc-icon-box-group layout-grid style-2\">\r\n\t<div class=\"lg-block-grid-1 md-block-grid-1 sm-block-grid-1 xs-block-grid-1 xx-block-grid-1\">\r\n\t\t\t\t\t\r\n\t\t\t<div class=\"item-columns\">\r\n\t\t\t\t\r\n<div class=\"icon-box-item elementor-repeater-item-0d2edef active\">\r\n\t<div class=\"icon-box-content\">\r\n\r\n\t\t\t\t\t\r\n\t\t\t<div class=\"box-icon\"><img decoding=\"async\" src=\"http:\/\/www.hantuketimurunleri.com\/wp-content\/uploads\/2025\/09\/instagram.png\" alt=\"\" \/><\/div>\r\n\t\t\t<div class=\"content-inner\">\r\n\t\t\t\t\t\t\t<\/div>\r\n\t\t\t\r\n\t\t\t\r\n\t\t\r\n\t<\/div>  \t\r\n\t\t\t  <a href=\"https:\/\/www.instagram.com\/greendrops.tr\" class=\"link-overlay\">\r\n\t\t\t \t\t  <\/a>\r\n\t\t  <\/div>\t\t\t<\/div>\r\n\r\n\t\t\t<\/div>   \r\n<\/div>\r\n<\/div>\t\t\t\t<\/div>\n\t\t\t\t<\/div>\n\t\t\t\t\t<\/div>\n\t\t<\/div>\n\t\t\t\t\t<\/div>\n\t\t<\/section>\n\t\t\t\t<section class=\"elementor-section elementor-top-section elementor-element elementor-element-dfcec26 elementor-section-boxed elementor-section-height-default elementor-section-height-default shape-bg-top-no shape-bg-bottom-no\" data-id=\"dfcec26\" data-element_type=\"section\" data-e-type=\"section\">\n\t\t\t\t\t\t<div class=\"elementor-container elementor-column-gap-default\">\n\t\t\t\t\t<div class=\"elementor-column elementor-col-100 elementor-top-column elementor-element elementor-element-e7a36d8\" data-id=\"e7a36d8\" data-element_type=\"column\" data-e-type=\"column\">\n\t\t\t<div class=\"elementor-widget-wrap elementor-element-populated\">\n\t\t\t\t\t\t<div class=\"elementor-element elementor-element-9d0b4ae elementor-widget__width-initial elementor-widget elementor-widget-text-editor\" data-id=\"9d0b4ae\" data-element_type=\"widget\" data-e-type=\"widget\" data-widget_type=\"text-editor.default\">\n\t\t\t\t<div class=\"elementor-widget-container\">\n\t\t\t\t\t\t\t\t\t<p data-start=\"158\" data-end=\"201\"><strong data-start=\"158\" data-end=\"199\">Greendrops \u2013 Do\u011fal Ferahl\u0131\u011f\u0131n Damlas\u0131<\/strong><\/p><p data-start=\"203\" data-end=\"567\">Greendrops, do\u011fan\u0131n sundu\u011fu en saf bile\u015fenleri modern \u00fcretim anlay\u0131\u015f\u0131yla bir araya getirerek geli\u015ftirdi\u011fi bitkisel bo\u011faz pastilleriyle g\u00fcnl\u00fck ya\u015fam\u0131n vazge\u00e7ilmez desteklerinden biri olmay\u0131 hedefliyor. Bitkisel ekstraktlar ve u\u00e7ucu ya\u011flarla zenginle\u015ftirilmi\u015f \u00f6zel form\u00fcl\u00fc sayesinde hem bo\u011faz\u0131n\u0131z\u0131 rahatlatmaya yard\u0131mc\u0131 olur hem de do\u011fal ferahl\u0131k hissi kazand\u0131r\u0131r.<\/p><p data-start=\"569\" data-end=\"998\">\u00dcr\u00fcnlerimizin her bir damlas\u0131nda do\u011fall\u0131\u011f\u0131, safl\u0131\u011f\u0131 ve g\u00fcveni \u00f6n planda tutuyoruz. Kimyasal katk\u0131 maddelerinden uzak, do\u011faya ve insana zarar vermeyen i\u00e7erikler kullanarak Greendrops\u2019u yaln\u0131zca bir pastil de\u011fil, ayn\u0131 zamanda sa\u011fl\u0131\u011f\u0131n\u0131za dost bir deneyim haline getiriyoruz. Nane, okalipt\u00fcs, ada\u00e7ay\u0131, ekinezya gibi bitkilerden elde edilen \u00f6zler ve aromatik u\u00e7ucu ya\u011flar, bo\u011faz\u0131n\u0131z\u0131 yumu\u015fat\u0131rken nefesinizi a\u00e7ar ve tazelik sa\u011flar.<\/p><p data-start=\"1000\" data-end=\"1266\">Greendrops pastilleri, yaln\u0131zca etkili i\u00e7erikleriyle de\u011fil, ayn\u0131 zamanda \u015feffaf \u00fcretim s\u00fcreci ve s\u00fcrd\u00fcr\u00fclebilir ambalaj anlay\u0131\u015f\u0131yla da fark yarat\u0131r. \u00c7evreye duyarl\u0131 yakla\u015f\u0131m\u0131m\u0131z do\u011frultusunda, geri d\u00f6n\u00fc\u015ft\u00fcr\u00fclebilir ambalajlar kullanarak do\u011faya sayg\u0131m\u0131z\u0131 koruyoruz.<\/p><p data-start=\"1268\" data-end=\"1476\">Sa\u011fl\u0131kl\u0131 ya\u015fam\u0131 \u00f6nemseyen herkes i\u00e7in Greendrops, g\u00fcn\u00fcn her an\u0131nda do\u011fal bir destek sunar. \u0130ster yo\u011fun i\u015f temposunda, ister so\u011fuk havalarda, isterse bo\u011faz\u0131n\u0131z\u0131 rahatlatmak istedi\u011finiz her durumda yan\u0131n\u0131zda.<\/p><p data-start=\"1478\" data-end=\"1541\"><strong data-start=\"1478\" data-end=\"1539\">Greendrops \u2013 Do\u011fadan Gelen Ferahl\u0131k, Sa\u011fl\u0131\u011fa Dost Destek.<\/strong><\/p>\t\t\t\t\t\t\t\t<\/div>\n\t\t\t\t<\/div>\n\t\t\t\t\t<\/div>\n\t\t<\/div>\n\t\t\t\t\t<\/div>\n\t\t<\/section>\n\t\t\t\t<\/div>\n\t\t","protected":false},"excerpt":{"rendered":"<p>Greendrops Home Sayfa Greendrops \u2013 Do\u011fal Ferahl\u0131\u011f\u0131n Damlas\u0131 Greendrops, do\u011fan\u0131n sundu\u011fu en saf bile\u015fenleri modern \u00fcretim anlay\u0131\u015f\u0131yla bir araya getirerek geli\u015ftirdi\u011fi bitkisel bo\u011faz pastilleriyle g\u00fcnl\u00fck ya\u015fam\u0131n vazge\u00e7ilmez desteklerinden biri olmay\u0131 [&hellip;]<\/p>\n","protected":false},"author":1,"featured_media":0,"parent":0,"menu_order":0,"comment_status":"closed","ping_status":"closed","template":"","meta":{"_eb_attr":"","footnotes":""},"class_list":["post-1710","page","type-page","status-publish","hentry"],"_links":{"self":[{"href":"https:\/\/www.hantuketimurunleri.com\/index.php\/wp-json\/wp\/v2\/pages\/1710","targetHints":{"allow":["GET"]}}],"collection":[{"href":"https:\/\/www.hantuketimurunleri.com\/index.php\/wp-json\/wp\/v2\/pages"}],"about":[{"href":"https:\/\/www.hantuketimurunleri.com\/index.php\/wp-json\/wp\/v2\/types\/page"}],"author":[{"embeddable":true,"href":"https:\/\/www.hantuketimurunleri.com\/index.php\/wp-json\/wp\/v2\/users\/1"}],"replies":[{"embeddable":true,"href":"https:\/\/www.hantuketimurunleri.com\/index.php\/wp-json\/wp\/v2\/comments?post=1710"}],"version-history":[{"count":25,"href":"https:\/\/www.hantuketimurunleri.com\/index.php\/wp-json\/wp\/v2\/pages\/1710\/revisions"}],"predecessor-version":[{"id":1909,"href":"https:\/\/www.hantuketimurunleri.com\/index.php\/wp-json\/wp\/v2\/pages\/1710\/revisions\/1909"}],"wp:attachment":[{"href":"https:\/\/www.hantuketimurunleri.com\/index.php\/wp-json\/wp\/v2\/media?parent=1710"}],"curies":[{"name":"wp","href":"https:\/\/api.w.org\/{rel}","templated":true}]}}