{"id":1689,"date":"2025-09-19T06:50:19","date_gmt":"2025-09-19T06:50:19","guid":{"rendered":"http:\/\/www.hantuketimurunleri.com\/?page_id=1689"},"modified":"2025-09-25T09:15:57","modified_gmt":"2025-09-25T09:15:57","slug":"bionative","status":"publish","type":"page","link":"https:\/\/www.hantuketimurunleri.com\/index.php\/bionative\/","title":{"rendered":"Bionative"},"content":{"rendered":"\t\t<div data-elementor-type=\"wp-page\" data-elementor-id=\"1689\" class=\"elementor elementor-1689\">\n\t\t\t\t\t\t<section class=\"elementor-section elementor-top-section elementor-element elementor-element-77b7f9c elementor-section-full_width elementor-section-height-default elementor-section-height-default shape-bg-top-no shape-bg-bottom-no\" data-id=\"77b7f9c\" data-element_type=\"section\" data-e-type=\"section\">\n\t\t\t\t\t\t<div class=\"elementor-container elementor-column-gap-default\">\n\t\t\t\t\t<div class=\"elementor-column elementor-col-100 elementor-top-column elementor-element elementor-element-b2477c2\" data-id=\"b2477c2\" data-element_type=\"column\" data-e-type=\"column\">\n\t\t\t<div class=\"elementor-widget-wrap elementor-element-populated\">\n\t\t\t\t\t\t<div class=\"elementor-element elementor-element-a3f546c elementor-widget elementor-widget-gva_post_breadcrumb\" data-id=\"a3f546c\" data-element_type=\"widget\" data-e-type=\"widget\" data-widget_type=\"gva_post_breadcrumb.default\">\n\t\t\t\t<div class=\"elementor-widget-container\">\n\t\t\t\t\t<div class=\"gva-element-gva_post_breadcrumb gva-element\">   \r\n<div class=\"post-breadcrumb\">\r\n   <div class=\"custom-breadcrumb \" >\r\n            <div class=\"breadcrumb-main\">\r\n        <div class=\"container\">\r\n          <div class=\"breadcrumb-container-inner\">\r\n            <h2 class=\"heading-title\">Bionative<\/h2><ol class=\"breadcrumb\"><li><a href=\"https:\/\/www.hantuketimurunleri.com\">Home<\/a> <\/li> <li class=\"active\">Sayfa<\/li><\/ol>          <\/div>  \r\n        <\/div>   \r\n      <\/div>  \r\n   <\/div>\r\n<\/div>      \r\n\r\n<\/div>\t\t\t\t<\/div>\n\t\t\t\t<\/div>\n\t\t\t\t\t<\/div>\n\t\t<\/div>\n\t\t\t\t\t<\/div>\n\t\t<\/section>\n\t\t\t\t<section class=\"elementor-section elementor-top-section elementor-element elementor-element-5522553 elementor-section-boxed elementor-section-height-default elementor-section-height-default shape-bg-top-no shape-bg-bottom-no\" data-id=\"5522553\" data-element_type=\"section\" data-e-type=\"section\">\n\t\t\t\t\t\t<div class=\"elementor-container elementor-column-gap-default\">\n\t\t\t\t\t<div class=\"elementor-column elementor-col-100 elementor-top-column elementor-element elementor-element-2ea2068\" data-id=\"2ea2068\" data-element_type=\"column\" data-e-type=\"column\">\n\t\t\t<div class=\"elementor-widget-wrap\">\n\t\t\t\t\t\t\t<\/div>\n\t\t<\/div>\n\t\t\t\t\t<\/div>\n\t\t<\/section>\n\t\t\t\t<section class=\"elementor-section elementor-top-section elementor-element elementor-element-d904008 elementor-section-boxed elementor-section-height-default elementor-section-height-default shape-bg-top-no shape-bg-bottom-no\" data-id=\"d904008\" data-element_type=\"section\" data-e-type=\"section\">\n\t\t\t\t\t\t<div class=\"elementor-container elementor-column-gap-default\">\n\t\t\t\t\t<div class=\"elementor-column elementor-col-50 elementor-top-column elementor-element elementor-element-a088867\" data-id=\"a088867\" data-element_type=\"column\" data-e-type=\"column\">\n\t\t\t<div class=\"elementor-widget-wrap elementor-element-populated\">\n\t\t\t\t\t\t<div class=\"elementor-element elementor-element-4b106b7 elementor-widget__width-initial elementor-widget elementor-widget-image\" data-id=\"4b106b7\" data-element_type=\"widget\" data-e-type=\"widget\" data-widget_type=\"image.default\">\n\t\t\t\t<div class=\"elementor-widget-container\">\n\t\t\t\t\t\t\t\t\t\t\t\t\t\t\t<img loading=\"lazy\" decoding=\"async\" width=\"900\" height=\"718\" src=\"http:\/\/www.hantuketimurunleri.com\/wp-content\/uploads\/2025\/09\/desktop-4-1024x817.png\" class=\"attachment-large size-large wp-image-1691\" alt=\"\" srcset=\"http:\/\/www.hantuketimurunleri.com\/wp-content\/uploads\/2025\/09\/desktop-4-1024x817.png 1024w, http:\/\/www.hantuketimurunleri.com\/wp-content\/uploads\/2025\/09\/desktop-4-768x612.png 768w, http:\/\/www.hantuketimurunleri.com\/wp-content\/uploads\/2025\/09\/desktop-4.png 1713w\" sizes=\"auto, (max-width: 900px) 100vw, 900px\" \/>\t\t\t\t\t\t\t\t\t\t\t\t\t\t\t<\/div>\n\t\t\t\t<\/div>\n\t\t\t\t\t<\/div>\n\t\t<\/div>\n\t\t\t\t<div class=\"elementor-column elementor-col-50 elementor-top-column elementor-element elementor-element-2c9c33a\" data-id=\"2c9c33a\" data-element_type=\"column\" data-e-type=\"column\">\n\t\t\t<div class=\"elementor-widget-wrap elementor-element-populated\">\n\t\t\t\t\t\t<div class=\"elementor-element elementor-element-2340059 elementor-widget elementor-widget-image\" data-id=\"2340059\" data-element_type=\"widget\" data-e-type=\"widget\" data-widget_type=\"image.default\">\n\t\t\t\t<div class=\"elementor-widget-container\">\n\t\t\t\t\t\t\t\t\t\t\t\t\t\t\t<img loading=\"lazy\" decoding=\"async\" width=\"768\" height=\"234\" src=\"http:\/\/www.hantuketimurunleri.com\/wp-content\/uploads\/2025\/09\/bionative-768x234.jpg\" class=\"attachment-medium_large size-medium_large wp-image-1561\" alt=\"\" srcset=\"http:\/\/www.hantuketimurunleri.com\/wp-content\/uploads\/2025\/09\/bionative-768x234.jpg 768w, http:\/\/www.hantuketimurunleri.com\/wp-content\/uploads\/2025\/09\/bionative.jpg 1000w\" sizes=\"auto, (max-width: 768px) 100vw, 768px\" \/>\t\t\t\t\t\t\t\t\t\t\t\t\t\t\t<\/div>\n\t\t\t\t<\/div>\n\t\t\t\t<div class=\"elementor-element elementor-element-eb0ff3f elementor-widget__width-initial elementor-widget elementor-widget-gva_icon_box_group\" data-id=\"eb0ff3f\" data-element_type=\"widget\" data-e-type=\"widget\" data-widget_type=\"gva_icon_box_group.default\">\n\t\t\t\t<div class=\"elementor-widget-container\">\n\t\t\t\t\t<div class=\"gva-element-gva_icon_box_group gva-element\">\r\n<div class=\"gsc-icon-box-group layout-grid style-2\">\r\n\t<div class=\"lg-block-grid-3 md-block-grid-3 sm-block-grid-2 xs-block-grid-1 xx-block-grid-1\">\r\n\t\t\t\t\t\r\n\t\t\t<div class=\"item-columns\">\r\n\t\t\t\t\r\n<div class=\"icon-box-item elementor-repeater-item-9725e66\">\r\n\t<div class=\"icon-box-content\">\r\n\r\n\t\t\t\t\t\r\n\t\t\t<div class=\"box-icon\"><img decoding=\"async\" src=\"http:\/\/www.hantuketimurunleri.com\/wp-content\/uploads\/2025\/09\/internet.png\" alt=\"\" \/><\/div>\r\n\t\t\t<div class=\"content-inner\">\r\n\t\t\t\t\t\t\t<\/div>\r\n\t\t\t\r\n\t\t\t\r\n\t\t\r\n\t<\/div>  \t\r\n\t\t\t  <a href=\"https:\/\/bionativeorganics.com\" class=\"link-overlay\">\r\n\t\t\t \t\t  <\/a>\r\n\t\t  <\/div>\t\t\t<\/div>\r\n\r\n\t\t\t\t\t\r\n\t\t\t<div class=\"item-columns\">\r\n\t\t\t\t\r\n<div class=\"icon-box-item elementor-repeater-item-0d2edef\">\r\n\t<div class=\"icon-box-content\">\r\n\r\n\t\t\t\t\t\r\n\t\t\t<div class=\"box-icon\"><img decoding=\"async\" src=\"http:\/\/www.hantuketimurunleri.com\/wp-content\/uploads\/2025\/09\/instagram.png\" alt=\"\" \/><\/div>\r\n\t\t\t<div class=\"content-inner\">\r\n\t\t\t\t\t\t\t<\/div>\r\n\t\t\t\r\n\t\t\t\r\n\t\t\r\n\t<\/div>  \t\r\n\t\t\t  <a href=\"https:\/\/www.instagram.com\/bionativeorganics\" class=\"link-overlay\">\r\n\t\t\t \t\t  <\/a>\r\n\t\t  <\/div>\t\t\t<\/div>\r\n\r\n\t\t\t\t\t\r\n\t\t\t<div class=\"item-columns\">\r\n\t\t\t\t\r\n<div class=\"icon-box-item elementor-repeater-item-6315454\">\r\n\t<div class=\"icon-box-content\">\r\n\r\n\t\t\t\t\t\r\n\t\t\t<div class=\"box-icon\"><img decoding=\"async\" src=\"http:\/\/www.hantuketimurunleri.com\/wp-content\/uploads\/2025\/09\/linkedin.png\" alt=\"\" \/><\/div>\r\n\t\t\t<div class=\"content-inner\">\r\n\t\t\t\t\t\t\t<\/div>\r\n\t\t\t\r\n\t\t\t\r\n\t\t\r\n\t<\/div>  \t\r\n\t\t\t  <a href=\"https:\/\/www.linkedin.com\/company\/bionative-kozmetik\/\" class=\"link-overlay\">\r\n\t\t\t \t\t  <\/a>\r\n\t\t  <\/div>\t\t\t<\/div>\r\n\r\n\t\t\t<\/div>   \r\n<\/div>\r\n<\/div>\t\t\t\t<\/div>\n\t\t\t\t<\/div>\n\t\t\t\t\t<\/div>\n\t\t<\/div>\n\t\t\t\t\t<\/div>\n\t\t<\/section>\n\t\t\t\t<section class=\"elementor-section elementor-top-section elementor-element elementor-element-dfcec26 elementor-section-boxed elementor-section-height-default elementor-section-height-default shape-bg-top-no shape-bg-bottom-no\" data-id=\"dfcec26\" data-element_type=\"section\" data-e-type=\"section\">\n\t\t\t\t\t\t<div class=\"elementor-container elementor-column-gap-default\">\n\t\t\t\t\t<div class=\"elementor-column elementor-col-100 elementor-top-column elementor-element elementor-element-e7a36d8\" data-id=\"e7a36d8\" data-element_type=\"column\" data-e-type=\"column\">\n\t\t\t<div class=\"elementor-widget-wrap elementor-element-populated\">\n\t\t\t\t\t\t<div class=\"elementor-element elementor-element-9d0b4ae elementor-widget__width-initial elementor-widget elementor-widget-text-editor\" data-id=\"9d0b4ae\" data-element_type=\"widget\" data-e-type=\"widget\" data-widget_type=\"text-editor.default\">\n\t\t\t\t<div class=\"elementor-widget-container\">\n\t\t\t\t\t\t\t\t\t<p>Hikayemiz do\u011fayla ve ona do\u011fu\u015fla ba\u015flar.\u00a0<\/p><p>Do\u011fan\u0131n milyonlarca y\u0131ld\u0131r devam edegelen iyile\u015ftirici g\u00fcc\u00fc ve e\u015fsiz dokunu\u015flar\u0131na her an haz\u0131r olmak, ruhuyla, sa\u00e7\u0131ndan t\u0131rna\u011fa kendini ona a\u00e7makt\u0131r Bionative\u2019in\u00a0 beon felsefesi..<\/p><p>Do\u011fan\u0131n kusursuz ahengine ayak uydurarak v\u00fccuduna ve ruhuna iyi bakarken, do\u011faya zarar vermemektir.<\/p><p>Yine do\u011fadan ilhan alarak her zaman a\u00e7\u0131k, enerjik, yeni ve yenilenen bir ruha sahip olmakt\u0131r.<\/p><p>\u0130nsan etraf\u0131na, do\u011faya, d\u00fcnyaya sayg\u0131yla bilgele\u015fir; v\u00fccuduna, cildine, sa\u00e7\u0131na t\u00fcm bedenine sayg\u0131 ile y\u00fccelir.<\/p><h2><br style=\"font-weight: 400;\" \/><br \/><\/h2>\t\t\t\t\t\t\t\t<\/div>\n\t\t\t\t<\/div>\n\t\t\t\t\t<\/div>\n\t\t<\/div>\n\t\t\t\t\t<\/div>\n\t\t<\/section>\n\t\t\t\t<\/div>\n\t\t","protected":false},"excerpt":{"rendered":"<p>Bionative Home Sayfa Hikayemiz do\u011fayla ve ona do\u011fu\u015fla ba\u015flar.\u00a0 Do\u011fan\u0131n milyonlarca y\u0131ld\u0131r devam edegelen iyile\u015ftirici g\u00fcc\u00fc ve e\u015fsiz dokunu\u015flar\u0131na her an haz\u0131r olmak, ruhuyla, sa\u00e7\u0131ndan t\u0131rna\u011fa kendini ona a\u00e7makt\u0131r Bionative\u2019in\u00a0 [&hellip;]<\/p>\n","protected":false},"author":1,"featured_media":0,"parent":0,"menu_order":0,"comment_status":"closed","ping_status":"closed","template":"","meta":{"_eb_attr":"","footnotes":""},"class_list":["post-1689","page","type-page","status-publish","hentry"],"_links":{"self":[{"href":"https:\/\/www.hantuketimurunleri.com\/index.php\/wp-json\/wp\/v2\/pages\/1689","targetHints":{"allow":["GET"]}}],"collection":[{"href":"https:\/\/www.hantuketimurunleri.com\/index.php\/wp-json\/wp\/v2\/pages"}],"about":[{"href":"https:\/\/www.hantuketimurunleri.com\/index.php\/wp-json\/wp\/v2\/types\/page"}],"author":[{"embeddable":true,"href":"https:\/\/www.hantuketimurunleri.com\/index.php\/wp-json\/wp\/v2\/users\/1"}],"replies":[{"embeddable":true,"href":"https:\/\/www.hantuketimurunleri.com\/index.php\/wp-json\/wp\/v2\/comments?post=1689"}],"version-history":[{"count":13,"href":"https:\/\/www.hantuketimurunleri.com\/index.php\/wp-json\/wp\/v2\/pages\/1689\/revisions"}],"predecessor-version":[{"id":1874,"href":"https:\/\/www.hantuketimurunleri.com\/index.php\/wp-json\/wp\/v2\/pages\/1689\/revisions\/1874"}],"wp:attachment":[{"href":"https:\/\/www.hantuketimurunleri.com\/index.php\/wp-json\/wp\/v2\/media?parent=1689"}],"curies":[{"name":"wp","href":"https:\/\/api.w.org\/{rel}","templated":true}]}}