{"id":1677,"date":"2025-09-19T06:41:55","date_gmt":"2025-09-19T06:41:55","guid":{"rendered":"http:\/\/www.hantuketimurunleri.com\/?page_id=1677"},"modified":"2025-09-25T09:41:29","modified_gmt":"2025-09-25T09:41:29","slug":"purevits","status":"publish","type":"page","link":"https:\/\/www.hantuketimurunleri.com\/index.php\/purevits\/","title":{"rendered":"Purevits"},"content":{"rendered":"\t\t<div data-elementor-type=\"wp-page\" data-elementor-id=\"1677\" class=\"elementor elementor-1677\">\n\t\t\t\t\t\t<section class=\"elementor-section elementor-top-section elementor-element elementor-element-77b7f9c elementor-section-full_width elementor-section-height-default elementor-section-height-default shape-bg-top-no shape-bg-bottom-no\" data-id=\"77b7f9c\" data-element_type=\"section\" data-e-type=\"section\">\n\t\t\t\t\t\t<div class=\"elementor-container elementor-column-gap-default\">\n\t\t\t\t\t<div class=\"elementor-column elementor-col-100 elementor-top-column elementor-element elementor-element-b2477c2\" data-id=\"b2477c2\" data-element_type=\"column\" data-e-type=\"column\">\n\t\t\t<div class=\"elementor-widget-wrap elementor-element-populated\">\n\t\t\t\t\t\t<div class=\"elementor-element elementor-element-a3f546c elementor-widget elementor-widget-gva_post_breadcrumb\" data-id=\"a3f546c\" data-element_type=\"widget\" data-e-type=\"widget\" data-widget_type=\"gva_post_breadcrumb.default\">\n\t\t\t\t<div class=\"elementor-widget-container\">\n\t\t\t\t\t<div class=\"gva-element-gva_post_breadcrumb gva-element\">   \r\n<div class=\"post-breadcrumb\">\r\n   <div class=\"custom-breadcrumb \" >\r\n            <div class=\"breadcrumb-main\">\r\n        <div class=\"container\">\r\n          <div class=\"breadcrumb-container-inner\">\r\n            <h2 class=\"heading-title\">Purevits<\/h2><ol class=\"breadcrumb\"><li><a href=\"https:\/\/www.hantuketimurunleri.com\">Home<\/a> <\/li> <li class=\"active\">Sayfa<\/li><\/ol>          <\/div>  \r\n        <\/div>   \r\n      <\/div>  \r\n   <\/div>\r\n<\/div>      \r\n\r\n<\/div>\t\t\t\t<\/div>\n\t\t\t\t<\/div>\n\t\t\t\t\t<\/div>\n\t\t<\/div>\n\t\t\t\t\t<\/div>\n\t\t<\/section>\n\t\t\t\t<section class=\"elementor-section elementor-top-section elementor-element elementor-element-5522553 elementor-section-boxed elementor-section-height-default elementor-section-height-default shape-bg-top-no shape-bg-bottom-no\" data-id=\"5522553\" data-element_type=\"section\" data-e-type=\"section\">\n\t\t\t\t\t\t<div class=\"elementor-container elementor-column-gap-default\">\n\t\t\t\t\t<div class=\"elementor-column elementor-col-100 elementor-top-column elementor-element elementor-element-2ea2068\" data-id=\"2ea2068\" data-element_type=\"column\" data-e-type=\"column\">\n\t\t\t<div class=\"elementor-widget-wrap\">\n\t\t\t\t\t\t\t<\/div>\n\t\t<\/div>\n\t\t\t\t\t<\/div>\n\t\t<\/section>\n\t\t\t\t<section class=\"elementor-section elementor-top-section elementor-element elementor-element-d904008 elementor-section-boxed elementor-section-height-default elementor-section-height-default shape-bg-top-no shape-bg-bottom-no\" data-id=\"d904008\" data-element_type=\"section\" data-e-type=\"section\">\n\t\t\t\t\t\t<div class=\"elementor-container elementor-column-gap-default\">\n\t\t\t\t\t<div class=\"elementor-column elementor-col-50 elementor-top-column elementor-element elementor-element-a088867\" data-id=\"a088867\" data-element_type=\"column\" data-e-type=\"column\">\n\t\t\t<div class=\"elementor-widget-wrap elementor-element-populated\">\n\t\t\t\t\t\t<div class=\"elementor-element elementor-element-4b106b7 elementor-widget__width-initial elementor-widget elementor-widget-image\" data-id=\"4b106b7\" data-element_type=\"widget\" data-e-type=\"widget\" data-widget_type=\"image.default\">\n\t\t\t\t<div class=\"elementor-widget-container\">\n\t\t\t\t\t\t\t\t\t\t\t\t\t\t\t<img loading=\"lazy\" decoding=\"async\" width=\"900\" height=\"718\" src=\"https:\/\/www.hantuketimurunleri.com\/wp-content\/uploads\/2025\/09\/desktop-3-1024x817.png\" class=\"attachment-large size-large wp-image-1679\" alt=\"\" srcset=\"https:\/\/www.hantuketimurunleri.com\/wp-content\/uploads\/2025\/09\/desktop-3-1024x817.png 1024w, https:\/\/www.hantuketimurunleri.com\/wp-content\/uploads\/2025\/09\/desktop-3-768x612.png 768w, https:\/\/www.hantuketimurunleri.com\/wp-content\/uploads\/2025\/09\/desktop-3.png 1713w\" sizes=\"auto, (max-width: 900px) 100vw, 900px\" \/>\t\t\t\t\t\t\t\t\t\t\t\t\t\t\t<\/div>\n\t\t\t\t<\/div>\n\t\t\t\t\t<\/div>\n\t\t<\/div>\n\t\t\t\t<div class=\"elementor-column elementor-col-50 elementor-top-column elementor-element elementor-element-2c9c33a\" data-id=\"2c9c33a\" data-element_type=\"column\" data-e-type=\"column\">\n\t\t\t<div class=\"elementor-widget-wrap elementor-element-populated\">\n\t\t\t\t\t\t<div class=\"elementor-element elementor-element-2340059 elementor-widget elementor-widget-image\" data-id=\"2340059\" data-element_type=\"widget\" data-e-type=\"widget\" data-widget_type=\"image.default\">\n\t\t\t\t<div class=\"elementor-widget-container\">\n\t\t\t\t\t\t\t\t\t\t\t\t\t\t\t<img loading=\"lazy\" decoding=\"async\" width=\"768\" height=\"234\" src=\"https:\/\/www.hantuketimurunleri.com\/wp-content\/uploads\/2025\/09\/purevits-768x234.jpg\" class=\"attachment-medium_large size-medium_large wp-image-1562\" alt=\"\" srcset=\"https:\/\/www.hantuketimurunleri.com\/wp-content\/uploads\/2025\/09\/purevits-768x234.jpg 768w, https:\/\/www.hantuketimurunleri.com\/wp-content\/uploads\/2025\/09\/purevits.jpg 1000w\" sizes=\"auto, (max-width: 768px) 100vw, 768px\" \/>\t\t\t\t\t\t\t\t\t\t\t\t\t\t\t<\/div>\n\t\t\t\t<\/div>\n\t\t\t\t<div class=\"elementor-element elementor-element-eb0ff3f elementor-widget__width-initial elementor-widget elementor-widget-gva_icon_box_group\" data-id=\"eb0ff3f\" data-element_type=\"widget\" data-e-type=\"widget\" data-widget_type=\"gva_icon_box_group.default\">\n\t\t\t\t<div class=\"elementor-widget-container\">\n\t\t\t\t\t<div class=\"gva-element-gva_icon_box_group gva-element\">\r\n<div class=\"gsc-icon-box-group layout-grid style-2\">\r\n\t<div class=\"lg-block-grid-3 md-block-grid-3 sm-block-grid-2 xs-block-grid-1 xx-block-grid-1\">\r\n\t\t\t\t\t\r\n\t\t\t<div class=\"item-columns\">\r\n\t\t\t\t\r\n<div class=\"icon-box-item elementor-repeater-item-9725e66\">\r\n\t<div class=\"icon-box-content\">\r\n\r\n\t\t\t\t\t\r\n\t\t\t<div class=\"box-icon\"><img decoding=\"async\" src=\"http:\/\/www.hantuketimurunleri.com\/wp-content\/uploads\/2025\/09\/internet.png\" alt=\"\" \/><\/div>\r\n\t\t\t<div class=\"content-inner\">\r\n\t\t\t\t\t\t\t<\/div>\r\n\t\t\t\r\n\t\t\t\r\n\t\t\r\n\t<\/div>  \t\r\n\t\t\t  <a href=\"https:\/\/www.purevits.com.tr\" class=\"link-overlay\">\r\n\t\t\t \t\t  <\/a>\r\n\t\t  <\/div>\t\t\t<\/div>\r\n\r\n\t\t\t\t\t\r\n\t\t\t<div class=\"item-columns\">\r\n\t\t\t\t\r\n<div class=\"icon-box-item elementor-repeater-item-0d2edef\">\r\n\t<div class=\"icon-box-content\">\r\n\r\n\t\t\t\t\t\r\n\t\t\t<div class=\"box-icon\"><img decoding=\"async\" src=\"http:\/\/www.hantuketimurunleri.com\/wp-content\/uploads\/2025\/09\/instagram.png\" alt=\"\" \/><\/div>\r\n\t\t\t<div class=\"content-inner\">\r\n\t\t\t\t\t\t\t<\/div>\r\n\t\t\t\r\n\t\t\t\r\n\t\t\r\n\t<\/div>  \t\r\n\t\t\t  <a href=\"https:\/\/www.instagram.com\/purevits.tr\" class=\"link-overlay\">\r\n\t\t\t \t\t  <\/a>\r\n\t\t  <\/div>\t\t\t<\/div>\r\n\r\n\t\t\t<\/div>   \r\n<\/div>\r\n<\/div>\t\t\t\t<\/div>\n\t\t\t\t<\/div>\n\t\t\t\t\t<\/div>\n\t\t<\/div>\n\t\t\t\t\t<\/div>\n\t\t<\/section>\n\t\t\t\t<section class=\"elementor-section elementor-top-section elementor-element elementor-element-c5d7d95 elementor-section-boxed elementor-section-height-default elementor-section-height-default shape-bg-top-no shape-bg-bottom-no\" data-id=\"c5d7d95\" data-element_type=\"section\" data-e-type=\"section\">\n\t\t\t\t\t\t<div class=\"elementor-container elementor-column-gap-default\">\n\t\t\t\t\t<div class=\"elementor-column elementor-col-100 elementor-top-column elementor-element elementor-element-e3cc8da\" data-id=\"e3cc8da\" data-element_type=\"column\" data-e-type=\"column\">\n\t\t\t<div class=\"elementor-widget-wrap elementor-element-populated\">\n\t\t\t\t\t\t<div class=\"elementor-element elementor-element-01d835b elementor-widget elementor-widget-text-editor\" data-id=\"01d835b\" data-element_type=\"widget\" data-e-type=\"widget\" data-widget_type=\"text-editor.default\">\n\t\t\t\t<div class=\"elementor-widget-container\">\n\t\t\t\t\t\t\t\t\t<h2 class=\"mb-3 mt-4\">KAL\u0130TE VE G\u00dcVENL\u0130K<\/h2><p>\u00dcretim s\u00fcre\u00e7lerimizde her zaman y\u00fcksek kaliteyi hedefliyoruz. Bunun i\u00e7in iyi \u00fcretim standartlar\u0131na uygun \u00fcretim prosed\u00fcrlerini ger\u00e7ekle\u015ftiriyoruz. \u00dcr\u00fcnlerimizin i\u00e7eri\u011findeki ham maddeleri en y\u00fcksek standartlara sahip kaynaklardan temin ediyoruz. Ham madde se\u00e7imlerimizde bilimsel verileri g\u00f6z \u00f6n\u00fcnde tutuyor, sertifikal\u0131 laboratuvarlarda yap\u0131lan en uygun ham maddeleri tercih ediyoruz. \u00dcretim s\u00fcrecinin ard\u0131ndan, kimyasal, fiziksel ve mikrobiyolojik analizlerini d\u00fcnya standartlar\u0131na uygun \u00a0olarak ger\u00e7ekle\u015ftiriyoruz.<\/p><h2 class=\"mb-3 mt-5\">B\u0130L\u0130MSEL \u0130\u00c7ER\u0130K VE \u00d6ZEL FORM\u00dcLASYONLAR<\/h2><p>Takviye edici g\u0131da alanda en \u00f6nemli fark\u0131m\u0131z olan bilimsel i\u00e7erik ve \u00f6zel form\u00fclasyonlar\u0131m\u0131z ile y\u00fcksek fayda g\u00f6rebilece\u011finiz \u00f6zel \u00fcr\u00fcnler \u00fcretiyoruz.\u00a0<br \/>\u00dcr\u00fcnlerimizin g\u00fcvenli\u011fi, etkinli\u011fi ve inovasyon s\u00fcre\u00e7lerini her zaman dinamik tutuyor, uluslararas\u0131 ara\u015ft\u0131rmalar\u0131 yak\u0131ndan takip ediyoruz. Bunun birlikte global takviye edici g\u0131da pazar\u0131nda y\u00fcksek standartlarda \u00fcr\u00fcnler \u00fcretiyoruz.<\/p><h2 class=\"mb-3 mt-5\">SA\u011eLIKLI YA\u015eAM<\/h2><p>Purevits olarak sa\u011fl\u0131kl\u0131 ve hareketli bir ya\u015fam\u0131 her zaman destekliyoruz. \u00dcr\u00fcnlerimizde hedefledi\u011fimiz y\u00fcksek standartlar her daim iyi ve kaliteli bir ya\u015fama olan deste\u011fimizdir. Herkes i\u00e7in sa\u011fl\u0131kl\u0131 bir ya\u015fam gayesi ile \u00fcretim s\u00fcre\u00e7lerimize devam ediyoruz.<\/p><h2 class=\"mb-3 mt-5\">DO\u011eA DOSTU PUREV\u0130TS<\/h2><p>Her zaman do\u011fa dostu, vegan ve vejetaryen \u00fcr\u00fcnler \u00fcreterek d\u00fcnyam\u0131za daha iyi bir gelecek sunmay\u0131 hedefliyoruz. S\u00fcrd\u00fcr\u00fclebilir d\u00fcnya hedefimiz ile ambalaj\u0131ndan, etiketine \u00fcretim s\u00fcrecinde kullan\u0131lan her malzemede do\u011faya b\u0131rakt\u0131\u011f\u0131m\u0131z \u00e7evresel ayak izlerimizi azaltmaya \u00e7al\u0131\u015f\u0131yoruz. \u00c7evre dostu projeler geli\u015ftirerek i\u00e7inde bulundu\u011fumuz d\u00fcnyay\u0131 iyilikle destekliyoruz.<\/p>\t\t\t\t\t\t\t\t<\/div>\n\t\t\t\t<\/div>\n\t\t\t\t\t<\/div>\n\t\t<\/div>\n\t\t\t\t\t<\/div>\n\t\t<\/section>\n\t\t\t\t<\/div>\n\t\t","protected":false},"excerpt":{"rendered":"<p>Purevits Home Sayfa KAL\u0130TE VE G\u00dcVENL\u0130K \u00dcretim s\u00fcre\u00e7lerimizde her zaman y\u00fcksek kaliteyi hedefliyoruz. Bunun i\u00e7in iyi \u00fcretim standartlar\u0131na uygun \u00fcretim prosed\u00fcrlerini ger\u00e7ekle\u015ftiriyoruz. \u00dcr\u00fcnlerimizin i\u00e7eri\u011findeki ham maddeleri en y\u00fcksek standartlara sahip [&hellip;]<\/p>\n","protected":false},"author":1,"featured_media":0,"parent":0,"menu_order":0,"comment_status":"closed","ping_status":"closed","template":"","meta":{"_eb_attr":"","footnotes":""},"class_list":["post-1677","page","type-page","status-publish","hentry"],"_links":{"self":[{"href":"https:\/\/www.hantuketimurunleri.com\/index.php\/wp-json\/wp\/v2\/pages\/1677","targetHints":{"allow":["GET"]}}],"collection":[{"href":"https:\/\/www.hantuketimurunleri.com\/index.php\/wp-json\/wp\/v2\/pages"}],"about":[{"href":"https:\/\/www.hantuketimurunleri.com\/index.php\/wp-json\/wp\/v2\/types\/page"}],"author":[{"embeddable":true,"href":"https:\/\/www.hantuketimurunleri.com\/index.php\/wp-json\/wp\/v2\/users\/1"}],"replies":[{"embeddable":true,"href":"https:\/\/www.hantuketimurunleri.com\/index.php\/wp-json\/wp\/v2\/comments?post=1677"}],"version-history":[{"count":22,"href":"https:\/\/www.hantuketimurunleri.com\/index.php\/wp-json\/wp\/v2\/pages\/1677\/revisions"}],"predecessor-version":[{"id":1884,"href":"https:\/\/www.hantuketimurunleri.com\/index.php\/wp-json\/wp\/v2\/pages\/1677\/revisions\/1884"}],"wp:attachment":[{"href":"https:\/\/www.hantuketimurunleri.com\/index.php\/wp-json\/wp\/v2\/media?parent=1677"}],"curies":[{"name":"wp","href":"https:\/\/api.w.org\/{rel}","templated":true}]}}