{"id":1671,"date":"2025-09-19T06:29:31","date_gmt":"2025-09-19T06:29:31","guid":{"rendered":"http:\/\/www.hantuketimurunleri.com\/?page_id=1671"},"modified":"2025-09-25T09:39:25","modified_gmt":"2025-09-25T09:39:25","slug":"greenlabel","status":"publish","type":"page","link":"https:\/\/www.hantuketimurunleri.com\/index.php\/greenlabel\/","title":{"rendered":"Greenlabel"},"content":{"rendered":"\t\t<div data-elementor-type=\"wp-page\" data-elementor-id=\"1671\" class=\"elementor elementor-1671\">\n\t\t\t\t\t\t<section class=\"elementor-section elementor-top-section elementor-element elementor-element-77b7f9c elementor-section-full_width elementor-section-height-default elementor-section-height-default shape-bg-top-no shape-bg-bottom-no\" data-id=\"77b7f9c\" data-element_type=\"section\" data-e-type=\"section\">\n\t\t\t\t\t\t<div class=\"elementor-container elementor-column-gap-default\">\n\t\t\t\t\t<div class=\"elementor-column elementor-col-100 elementor-top-column elementor-element elementor-element-b2477c2\" data-id=\"b2477c2\" data-element_type=\"column\" data-e-type=\"column\">\n\t\t\t<div class=\"elementor-widget-wrap elementor-element-populated\">\n\t\t\t\t\t\t<div class=\"elementor-element elementor-element-a3f546c elementor-widget elementor-widget-gva_post_breadcrumb\" data-id=\"a3f546c\" data-element_type=\"widget\" data-e-type=\"widget\" data-widget_type=\"gva_post_breadcrumb.default\">\n\t\t\t\t<div class=\"elementor-widget-container\">\n\t\t\t\t\t<div class=\"gva-element-gva_post_breadcrumb gva-element\">   \r\n<div class=\"post-breadcrumb\">\r\n   <div class=\"custom-breadcrumb \" >\r\n            <div class=\"breadcrumb-main\">\r\n        <div class=\"container\">\r\n          <div class=\"breadcrumb-container-inner\">\r\n            <h2 class=\"heading-title\">Greenlabel<\/h2><ol class=\"breadcrumb\"><li><a href=\"https:\/\/www.hantuketimurunleri.com\">Home<\/a> <\/li> <li class=\"active\">Sayfa<\/li><\/ol>          <\/div>  \r\n        <\/div>   \r\n      <\/div>  \r\n   <\/div>\r\n<\/div>      \r\n\r\n<\/div>\t\t\t\t<\/div>\n\t\t\t\t<\/div>\n\t\t\t\t\t<\/div>\n\t\t<\/div>\n\t\t\t\t\t<\/div>\n\t\t<\/section>\n\t\t\t\t<section class=\"elementor-section elementor-top-section elementor-element elementor-element-5522553 elementor-section-boxed elementor-section-height-default elementor-section-height-default shape-bg-top-no shape-bg-bottom-no\" data-id=\"5522553\" data-element_type=\"section\" data-e-type=\"section\">\n\t\t\t\t\t\t<div class=\"elementor-container elementor-column-gap-default\">\n\t\t\t\t\t<div class=\"elementor-column elementor-col-100 elementor-top-column elementor-element elementor-element-2ea2068\" data-id=\"2ea2068\" data-element_type=\"column\" data-e-type=\"column\">\n\t\t\t<div class=\"elementor-widget-wrap\">\n\t\t\t\t\t\t\t<\/div>\n\t\t<\/div>\n\t\t\t\t\t<\/div>\n\t\t<\/section>\n\t\t\t\t<section class=\"elementor-section elementor-top-section elementor-element elementor-element-d904008 elementor-section-boxed elementor-section-height-default elementor-section-height-default shape-bg-top-no shape-bg-bottom-no\" data-id=\"d904008\" data-element_type=\"section\" data-e-type=\"section\">\n\t\t\t\t\t\t<div class=\"elementor-container elementor-column-gap-default\">\n\t\t\t\t\t<div class=\"elementor-column elementor-col-50 elementor-top-column elementor-element elementor-element-a088867\" data-id=\"a088867\" data-element_type=\"column\" data-e-type=\"column\">\n\t\t\t<div class=\"elementor-widget-wrap elementor-element-populated\">\n\t\t\t\t\t\t<div class=\"elementor-element elementor-element-4b106b7 elementor-widget__width-initial elementor-widget elementor-widget-image\" data-id=\"4b106b7\" data-element_type=\"widget\" data-e-type=\"widget\" data-widget_type=\"image.default\">\n\t\t\t\t<div class=\"elementor-widget-container\">\n\t\t\t\t\t\t\t\t\t\t\t\t\t\t\t<img loading=\"lazy\" decoding=\"async\" width=\"900\" height=\"718\" src=\"http:\/\/www.hantuketimurunleri.com\/wp-content\/uploads\/2025\/09\/desktop-1024x817.png\" class=\"attachment-large size-large wp-image-1673\" alt=\"\" srcset=\"http:\/\/www.hantuketimurunleri.com\/wp-content\/uploads\/2025\/09\/desktop-1024x817.png 1024w, http:\/\/www.hantuketimurunleri.com\/wp-content\/uploads\/2025\/09\/desktop-768x612.png 768w, http:\/\/www.hantuketimurunleri.com\/wp-content\/uploads\/2025\/09\/desktop.png 1713w\" sizes=\"auto, (max-width: 900px) 100vw, 900px\" \/>\t\t\t\t\t\t\t\t\t\t\t\t\t\t\t<\/div>\n\t\t\t\t<\/div>\n\t\t\t\t\t<\/div>\n\t\t<\/div>\n\t\t\t\t<div class=\"elementor-column elementor-col-50 elementor-top-column elementor-element elementor-element-2c9c33a\" data-id=\"2c9c33a\" data-element_type=\"column\" data-e-type=\"column\">\n\t\t\t<div class=\"elementor-widget-wrap elementor-element-populated\">\n\t\t\t\t\t\t<div class=\"elementor-element elementor-element-2340059 elementor-widget elementor-widget-image\" data-id=\"2340059\" data-element_type=\"widget\" data-e-type=\"widget\" data-widget_type=\"image.default\">\n\t\t\t\t<div class=\"elementor-widget-container\">\n\t\t\t\t\t\t\t\t\t\t\t\t\t\t\t<img loading=\"lazy\" decoding=\"async\" width=\"768\" height=\"234\" src=\"http:\/\/www.hantuketimurunleri.com\/wp-content\/uploads\/2025\/09\/greenlabel-768x234.jpg\" class=\"attachment-medium_large size-medium_large wp-image-1560\" alt=\"\" srcset=\"http:\/\/www.hantuketimurunleri.com\/wp-content\/uploads\/2025\/09\/greenlabel-768x234.jpg 768w, http:\/\/www.hantuketimurunleri.com\/wp-content\/uploads\/2025\/09\/greenlabel.jpg 1000w\" sizes=\"auto, (max-width: 768px) 100vw, 768px\" \/>\t\t\t\t\t\t\t\t\t\t\t\t\t\t\t<\/div>\n\t\t\t\t<\/div>\n\t\t\t\t<section class=\"elementor-section elementor-inner-section elementor-element elementor-element-a9a82db elementor-section-boxed elementor-section-height-default elementor-section-height-default shape-bg-top-no shape-bg-bottom-no\" data-id=\"a9a82db\" data-element_type=\"section\" data-e-type=\"section\">\n\t\t\t\t\t\t<div class=\"elementor-container elementor-column-gap-extended\">\n\t\t\t\t\t<div class=\"elementor-column elementor-col-50 elementor-inner-column elementor-element elementor-element-f084696\" data-id=\"f084696\" data-element_type=\"column\" data-e-type=\"column\">\n\t\t\t<div class=\"elementor-widget-wrap elementor-element-populated\">\n\t\t\t\t\t\t<div class=\"elementor-element elementor-element-eb0ff3f elementor-widget__width-inherit elementor-widget elementor-widget-gva_icon_box_group\" data-id=\"eb0ff3f\" data-element_type=\"widget\" data-e-type=\"widget\" data-widget_type=\"gva_icon_box_group.default\">\n\t\t\t\t<div class=\"elementor-widget-container\">\n\t\t\t\t\t<div class=\"gva-element-gva_icon_box_group gva-element\">\r\n<div class=\"gsc-icon-box-group layout-grid style-2\">\r\n\t<div class=\"lg-block-grid-3 md-block-grid-3 sm-block-grid-2 xs-block-grid-1 xx-block-grid-1\">\r\n\t\t\t\t\t\r\n\t\t\t<div class=\"item-columns\">\r\n\t\t\t\t\r\n<div class=\"icon-box-item elementor-repeater-item-9725e66\">\r\n\t<div class=\"icon-box-content\">\r\n\r\n\t\t\t\t\t\r\n\t\t\t<div class=\"box-icon\"><img decoding=\"async\" src=\"http:\/\/www.hantuketimurunleri.com\/wp-content\/uploads\/2025\/09\/internet.png\" alt=\"\" \/><\/div>\r\n\t\t\t<div class=\"content-inner\">\r\n\t\t\t\t\t\t\t<\/div>\r\n\t\t\t\r\n\t\t\t\r\n\t\t\r\n\t<\/div>  \t\r\n\t\t\t  <a href=\"https:\/\/greenlabel.com.tr\" class=\"link-overlay\">\r\n\t\t\t \t\t  <\/a>\r\n\t\t  <\/div>\t\t\t<\/div>\r\n\r\n\t\t\t\t\t\r\n\t\t\t<div class=\"item-columns\">\r\n\t\t\t\t\r\n<div class=\"icon-box-item elementor-repeater-item-0d2edef\">\r\n\t<div class=\"icon-box-content\">\r\n\r\n\t\t\t\t\t\r\n\t\t\t<div class=\"box-icon\"><img decoding=\"async\" src=\"http:\/\/www.hantuketimurunleri.com\/wp-content\/uploads\/2025\/09\/instagram.png\" alt=\"\" \/><\/div>\r\n\t\t\t<div class=\"content-inner\">\r\n\t\t\t\t\t\t\t<\/div>\r\n\t\t\t\r\n\t\t\t\r\n\t\t\r\n\t<\/div>  \t\r\n\t\t\t  <a href=\"https:\/\/www.instagram.com\/greenlabeltr\" class=\"link-overlay\">\r\n\t\t\t \t\t  <\/a>\r\n\t\t  <\/div>\t\t\t<\/div>\r\n\r\n\t\t\t\t\t\r\n\t\t\t<div class=\"item-columns\">\r\n\t\t\t\t\r\n<div class=\"icon-box-item elementor-repeater-item-6315454\">\r\n\t<div class=\"icon-box-content\">\r\n\r\n\t\t\t\t\t\r\n\t\t\t<div class=\"box-icon\"><img decoding=\"async\" src=\"http:\/\/www.hantuketimurunleri.com\/wp-content\/uploads\/2025\/09\/twitter.png\" alt=\"\" \/><\/div>\r\n\t\t\t<div class=\"content-inner\">\r\n\t\t\t\t\t\t\t<\/div>\r\n\t\t\t\r\n\t\t\t\r\n\t\t\r\n\t<\/div>  \t\r\n\t\t\t  <a href=\"https:\/\/x.com\/greenlabeltr\" class=\"link-overlay\">\r\n\t\t\t \t\t  <\/a>\r\n\t\t  <\/div>\t\t\t<\/div>\r\n\r\n\t\t\t<\/div>   \r\n<\/div>\r\n<\/div>\t\t\t\t<\/div>\n\t\t\t\t<\/div>\n\t\t\t\t\t<\/div>\n\t\t<\/div>\n\t\t\t\t<div class=\"elementor-column elementor-col-50 elementor-inner-column elementor-element elementor-element-e4f11b9\" data-id=\"e4f11b9\" data-element_type=\"column\" data-e-type=\"column\">\n\t\t\t<div class=\"elementor-widget-wrap elementor-element-populated\">\n\t\t\t\t\t\t<div class=\"elementor-element elementor-element-772adc2 elementor-widget__width-inherit elementor-widget elementor-widget-gva_icon_box_group\" data-id=\"772adc2\" data-element_type=\"widget\" data-e-type=\"widget\" data-widget_type=\"gva_icon_box_group.default\">\n\t\t\t\t<div class=\"elementor-widget-container\">\n\t\t\t\t\t<div class=\"gva-element-gva_icon_box_group gva-element\">\r\n<div class=\"gsc-icon-box-group layout-grid style-2\">\r\n\t<div class=\"lg-block-grid-3 md-block-grid-3 sm-block-grid-2 xs-block-grid-1 xx-block-grid-1\">\r\n\t\t\t\t\t\r\n\t\t\t<div class=\"item-columns\">\r\n\t\t\t\t\r\n<div class=\"icon-box-item elementor-repeater-item-ab3a4ed\">\r\n\t<div class=\"icon-box-content\">\r\n\r\n\t\t\t\t\t\r\n\t\t\t<div class=\"box-icon\"><img decoding=\"async\" src=\"http:\/\/www.hantuketimurunleri.com\/wp-content\/uploads\/2025\/09\/tiktok-copy.png\" alt=\"\" \/><\/div>\r\n\t\t\t<div class=\"content-inner\">\r\n\t\t\t\t\t\t\t<\/div>\r\n\t\t\t\r\n\t\t\t\r\n\t\t\r\n\t<\/div>  \t\r\n\t\t\t  <a href=\"https:\/\/www.tiktok.com\/@greenlabeltr?lang=tr-TR\" class=\"link-overlay\">\r\n\t\t\t \t\t  <\/a>\r\n\t\t  <\/div>\t\t\t<\/div>\r\n\r\n\t\t\t\t\t\r\n\t\t\t<div class=\"item-columns\">\r\n\t\t\t\t\r\n<div class=\"icon-box-item elementor-repeater-item-c4c5202\">\r\n\t<div class=\"icon-box-content\">\r\n\r\n\t\t\t\t\t\r\n\t\t\t<div class=\"box-icon\"><img decoding=\"async\" src=\"http:\/\/www.hantuketimurunleri.com\/wp-content\/uploads\/2025\/09\/facebook.png\" alt=\"\" \/><\/div>\r\n\t\t\t<div class=\"content-inner\">\r\n\t\t\t\t\t\t\t<\/div>\r\n\t\t\t\r\n\t\t\t\r\n\t\t\r\n\t<\/div>  \t\r\n\t\t\t  <a href=\"https:\/\/www.facebook.com\/greenlabeltr1\" class=\"link-overlay\">\r\n\t\t\t \t\t  <\/a>\r\n\t\t  <\/div>\t\t\t<\/div>\r\n\r\n\t\t\t<\/div>   \r\n<\/div>\r\n<\/div>\t\t\t\t<\/div>\n\t\t\t\t<\/div>\n\t\t\t\t\t<\/div>\n\t\t<\/div>\n\t\t\t\t\t<\/div>\n\t\t<\/section>\n\t\t\t\t\t<\/div>\n\t\t<\/div>\n\t\t\t\t\t<\/div>\n\t\t<\/section>\n\t\t\t\t<section class=\"elementor-section elementor-top-section elementor-element elementor-element-dfcec26 elementor-section-boxed elementor-section-height-default elementor-section-height-default shape-bg-top-no shape-bg-bottom-no\" data-id=\"dfcec26\" data-element_type=\"section\" data-e-type=\"section\">\n\t\t\t\t\t\t<div class=\"elementor-container elementor-column-gap-default\">\n\t\t\t\t\t<div class=\"elementor-column elementor-col-100 elementor-top-column elementor-element elementor-element-e7a36d8\" data-id=\"e7a36d8\" data-element_type=\"column\" data-e-type=\"column\">\n\t\t\t<div class=\"elementor-widget-wrap elementor-element-populated\">\n\t\t\t\t\t\t<div class=\"elementor-element elementor-element-9d0b4ae elementor-widget__width-initial elementor-widget elementor-widget-text-editor\" data-id=\"9d0b4ae\" data-element_type=\"widget\" data-e-type=\"widget\" data-widget_type=\"text-editor.default\">\n\t\t\t\t<div class=\"elementor-widget-container\">\n\t\t\t\t\t\t\t\t\t<h2><span style=\"color: #000000;\"><strong>Do\u011fadan ilham al, Do\u011fa i\u00e7in \u00fcret<\/strong><\/span><\/h2><p>Greenlabel olarak 1998\u2019den bu yana botanikal kozmetik alan\u0131nda, do\u011faya sayg\u0131l\u0131 ve etik de\u011ferlere ba\u011fl\u0131 bir \u00fcretim anlay\u0131\u015f\u0131yla \u00e7al\u0131\u015f\u0131yoruz. T\u00fcm \u00fcr\u00fcnlerimizi kendi tesislerimizde geli\u015ftiriyor, test ediyor ve \u00fcretiyoruz. \u00c7\u00fcnk\u00fc hem cildine hem de gezegenimize ne sundu\u011fumuzun sorumlulu\u011funu ta\u015f\u0131yoruz.<\/p><p><b><strong>\u00a0<\/strong><\/b><\/p><h2><span style=\"color: #000000;\"><b><strong>\u00dcretim S\u00fcreci<\/strong><\/b><\/span><\/h2><p>Botanikal kozmetik \u00fcr\u00fcnlerimizin her a\u015famas\u0131nda s\u00fcrd\u00fcr\u00fclebilirlik \u00f6nceli\u011fimizdir:<\/p><p>Ar-Ge&#8217;den \u00fcretime kadar t\u00fcm s\u00fcre\u00e7lerimizi kendi b\u00fcnyemizde y\u00fcr\u00fct\u00fcyor, maksimum kontrol sa\u011fl\u0131yoruz.<\/p><p>\u00dcretim tesislerimizde Sedex etik standartlar\u0131 benimsenmi\u015ftir.<\/p><p>Enerji verimlili\u011fi, at\u0131k ayr\u0131\u015ft\u0131rma, geri d\u00f6n\u00fc\u015f\u00fcm, ve karbon ayak izini azaltma alanlar\u0131nda s\u00fcrekli iyile\u015ftirme yap\u0131yoruz.<\/p><p>Tedarik zincirimizde insan haklar\u0131na, do\u011faya ve topluma duyarl\u0131 bir sistem in\u015fa ediyoruz.<\/p><p><b><strong>\u00a0<\/strong><\/b><\/p><p><b><strong>\u00a0<\/strong><\/b><\/p><h2><span style=\"color: #000000;\"><b><strong>\u00c7evre Dostu Ambalajlama<\/strong><\/b><\/span><\/h2><p>Greenlabel\u00a0\u00fcr\u00fcnleri, i\u00e7eri\u011fi kadar ambalaj\u0131nda da do\u011faya sayg\u0131l\u0131:<\/p><p>%100 FSC sertifikal\u0131\u00a0ka\u011f\u0131t ambalajlar kullan\u0131yoruz.<\/p><p>Bitkisel bazl\u0131\u00a0bask\u0131\u00a0m\u00fcrekkepleri tercih ederek,\u00a0\u00e7evreye zarar\u0131\u00a0minimuma indiriyoruz.<\/p><p>Ambalaj tasar\u0131mlar\u0131m\u0131z\u0131\u00a0az malzeme\u00a0\u2013\u00a0y\u00fcksek geri d\u00f6n\u00fc\u015f\u00fcm oran\u0131\u00a0ilkesiyle planl\u0131yoruz.<\/p><p><b><strong>\u00a0<\/strong><\/b><\/p><h2><span style=\"color: #000000;\"><b><strong>G\u00f6nderim &amp; Lojistik<\/strong><\/b><\/span><\/h2><p>\u201cHer ad\u0131mda do\u011faya sayg\u0131.\u201d<\/p><p>Greenlabel olarak, \u00fcr\u00fcnlerimizi ula\u015ft\u0131r\u0131rken de s\u00fcrd\u00fcr\u00fclebilirli\u011fi \u00f6n planda tutuyoruz. Paketleme ve ta\u015f\u0131ma s\u00fcre\u00e7lerimizi \u00e7evreye en az etkiyi b\u0131rakacak \u015fekilde kurguluyoruz.<\/p><p>\u0130lk g\u00fcnden beri g\u00f6nderilerimizde plastik ambalajlara yer vermiyor, sadece geri d\u00f6n\u00fc\u015ft\u00fcr\u00fclebilir ve do\u011fa dostu kutular kullan\u0131yoruz.<\/p><p>Kargo kolilerini m\u00fcmk\u00fcn oldu\u011funca yeniden de\u011ferlendiriyor, fazla kaynak t\u00fcketimini \u00f6nl\u00fcyoruz.<\/p><p>T\u00fcm lojistik planlamalar\u0131m\u0131z\u0131, karbon ayak izini azaltmaya y\u00f6nelik optimizasyonlarla ger\u00e7ekle\u015ftiriyoruz.<\/p><p>Paketleme s\u00fcre\u00e7lerimizi, mevcut ula\u015f\u0131m sistemlerine entegre ederek gereksiz sevkiyat\u0131 ve t\u00fcketimi \u00f6nl\u00fcyoruz.<\/p><p>Greenlabel i\u00e7in her sevkiyat yaln\u0131zca bir teslimat de\u011fil; do\u011fa ile uyumlu bir ad\u0131m, daha temiz bir gelecek i\u00e7in verilen bilin\u00e7li bir karard\u0131r.<\/p>\t\t\t\t\t\t\t\t<\/div>\n\t\t\t\t<\/div>\n\t\t\t\t\t<\/div>\n\t\t<\/div>\n\t\t\t\t\t<\/div>\n\t\t<\/section>\n\t\t\t\t<\/div>\n\t\t","protected":false},"excerpt":{"rendered":"<p>Greenlabel Home Sayfa Do\u011fadan ilham al, Do\u011fa i\u00e7in \u00fcret Greenlabel olarak 1998\u2019den bu yana botanikal kozmetik alan\u0131nda, do\u011faya sayg\u0131l\u0131 ve etik de\u011ferlere ba\u011fl\u0131 bir \u00fcretim anlay\u0131\u015f\u0131yla \u00e7al\u0131\u015f\u0131yoruz. T\u00fcm \u00fcr\u00fcnlerimizi kendi [&hellip;]<\/p>\n","protected":false},"author":1,"featured_media":0,"parent":0,"menu_order":0,"comment_status":"closed","ping_status":"closed","template":"","meta":{"_eb_attr":"","footnotes":""},"class_list":["post-1671","page","type-page","status-publish","hentry"],"_links":{"self":[{"href":"https:\/\/www.hantuketimurunleri.com\/index.php\/wp-json\/wp\/v2\/pages\/1671","targetHints":{"allow":["GET"]}}],"collection":[{"href":"https:\/\/www.hantuketimurunleri.com\/index.php\/wp-json\/wp\/v2\/pages"}],"about":[{"href":"https:\/\/www.hantuketimurunleri.com\/index.php\/wp-json\/wp\/v2\/types\/page"}],"author":[{"embeddable":true,"href":"https:\/\/www.hantuketimurunleri.com\/index.php\/wp-json\/wp\/v2\/users\/1"}],"replies":[{"embeddable":true,"href":"https:\/\/www.hantuketimurunleri.com\/index.php\/wp-json\/wp\/v2\/comments?post=1671"}],"version-history":[{"count":22,"href":"https:\/\/www.hantuketimurunleri.com\/index.php\/wp-json\/wp\/v2\/pages\/1671\/revisions"}],"predecessor-version":[{"id":1881,"href":"https:\/\/www.hantuketimurunleri.com\/index.php\/wp-json\/wp\/v2\/pages\/1671\/revisions\/1881"}],"wp:attachment":[{"href":"https:\/\/www.hantuketimurunleri.com\/index.php\/wp-json\/wp\/v2\/media?parent=1671"}],"curies":[{"name":"wp","href":"https:\/\/api.w.org\/{rel}","templated":true}]}}